{"id":5552,"date":"2021-06-28T12:30:23","date_gmt":"2021-06-28T10:30:23","guid":{"rendered":"https:\/\/www.ceramicaopera.it\/green\/"},"modified":"2021-07-28T15:53:58","modified_gmt":"2021-07-28T13:53:58","slug":"green","status":"publish","type":"page","link":"https:\/\/www.ceramicaopera.it\/de\/green\/","title":{"rendered":"Green"},"content":{"rendered":"<p>[vc_row full_width=&#8221;stretch_row_content_no_spaces&#8221; css=&#8221;.vc_custom_1625221318005{margin-top: 0px !important;padding-top: 0px !important;}&#8221;][vc_column css=&#8221;.vc_custom_1625221333589{margin-top: 0px !important;padding-top: 0px !important;}&#8221;][vc_single_image image=&#8221;2739&#8243; img_size=&#8221;full&#8221; alignment=&#8221;center&#8221;][\/vc_column][\/vc_row][vc_row css=&#8221;.vc_custom_1625221122777{margin-top: 0px !important;padding-top: 0px !important;}&#8221;][vc_column][vc_column_text]<\/p>\n<h2>GREEN<\/h2>\n<h3>QUALIT\u00c4T, UMWELT UND SICHERHEIT<\/h3>\n<p>[\/vc_column_text][vc_empty_space][vc_column_text]<\/p>\n<blockquote><p><em>Kultur der Materie bedeutet, die Umwelt als Kontext all unseres Handelns zu betrachten: von der Materialauswahl \u00fcber die Produktion, den Lebenszyklus des Produkts nach dem Verkauf bis hin zur Entsorgung und Wiederverwertung.<\/em><\/p><\/blockquote>\n<p>[\/vc_column_text][vc_empty_space][vc_column_text]Nachhaltiges Wachstum fu\u0308r die \u00f6kologische Fliesenproduktion Energieeinsparung und Recycling, um verantwortungsbewusst zu wachsen Opera Group srl hat immer an die M\u00f6glichkeit geglaubt, Gesch\u00e4fte zu machen und dabei ethische Werte, Menschen und die Umwelt zu respektieren.<br \/>\nEin Avantgarde-Unternehmen muss in der Tat gru\u0308n denken und verantwortungsbewusst handeln, die Umweltbelastung minimieren, Fliesen auf \u00f6kologische und nachhaltige Weise herstellen und dem Verbraucher helfen, fundierte Kaufentscheidungen zu treffen.<br \/>\nUm die Nachhaltigkeit seiner Produktionsprozesse zu verbessern, investiert die Opera Group srl in neue Spitzentechnologien und achtet auf Recycling und Energieeinsparung.<br \/>\nDie Schaffung eines Umweltmanagementsystems ist ein wichtiger Schritt, eine freiwillige \u00dcbernahme der Verantwortung, um die eigene gru\u0308ne Mission in konkrete und greifbare Ma\u00dfnahmen umzusetzen. Die Opera Group srl hat sich dem Umweltproblem verschrieben und sich dieser neuen Herausforderung gestellt. Sie hat ihre Umweltwerte und -ziele klar und transparent definiert und ihre Betriebsprozesse st\u00e4ndig u\u0308berwacht und verbessert.[\/vc_column_text][vc_empty_space][vc_column_text]<strong>AIA<\/strong> Integrierte Umweltgenehmigung<\/p>\n<p><strong>IPPC<\/strong> Integrierte Vermeidung von Umweltverschmutzung<br \/>\nIntegrierte Kontrolle und Pr\u00e4vention der Umweltverschmutzung. Dieser Ansatz wurde mit der Richtlinie 96\/61 \/ EG vom 24. November 1996 eingefu\u0308hrt, die auch als \u201cIPPC-Richtlinie\u201d bezeichnet wird.<\/p>\n<p><strong>Von den rohen und gekochten Industrieabf\u00e4llen, die zuru\u0308ckgewonnen werden<\/strong><br \/>\nRohabf\u00e4lle werden zur Herstellung neuer Teige wiederverwendet. Der gekochte Abfall wird stattdessen Drittunternehmen zur Verwendung als Stra\u00dfenfundament oder Bahndamm anvertraut.<\/p>\n<p><strong>Von recycelbaren Verpackungen<\/strong><br \/>\nUm die Umwelt zu schu\u0308tzen und die W\u00e4lder zu schu\u0308tzen, fu\u0308hrt die Opera Group srl die getrennte Sammlung von 98% ihrer Abf\u00e4lle durch und verwendet nur recycelbare Verpackungen, Paletten, die den FAO ISPM 15-Standards entsprechen, und FSC-zertifiziertes Papier.<br \/>\nDie Abf\u00e4lle von Papier- und Kartonverpackungen (cer 150101) und Schrumpfkunststoff (cer 150102), die von autorisierten Unternehmen entsorgt werden, werden zu Verwertungs- und Recyclingbetrieben geschickt, damit sie umgewandelt und recycelt werden k\u00f6nnen.<\/p>\n<p><strong>Wasser<\/strong><br \/>\nDie Opera Group srl verfu\u0308gt u\u0308ber einen Prozesswasserkreislauf, der im Produktionsprozess selbst gereinigt und wiederverwendet wird. Wir liefern das Brauchwasser extern, nachdem es intern wiederverwendet wurde. Diese werden in weiteren Produktionsprozessen recycelt.<\/p>\n<p><strong>Energie<\/strong><br \/>\nDurch st\u00e4ndige Investitionen in Forschung und Entwicklung k\u00f6nnen wir den Energiebedarf unserer Produktionslinien optimieren.<br \/>\nDie dabei verwendete THERMISCHE ENERGIE wird im Allgemeinen durch Verbrennen von Erdgas gewonnen, dessen Oxidation Kohlendioxidemissionen erzeugt. Trocknen und Kochen k\u00f6nnen als Hauptverursacher von CO2-Emissionen angesehen werden.<\/p>\n<p><strong>CO2-Emission<\/strong><br \/>\nUnser Unternehmen konzentriert sich heute haupts\u00e4chlich auf die Reduzierung der CO2-Emissionen w\u00e4hrend der Produktionsphasen. Ein umweltfreundliches Produkt w\u00e4hrend seines gesamten Lebenszyklus, angefangen von der Rohstoffgewinnung u\u0308ber das Trocknen, Kochen u\u0308ber Produktion und Vertrieb bis hin zur Entsorgung.<br \/>\nDie verwendeten natu\u0308rlichen Ressourcen sind Sand, Feldspat und Ton. Mehr als 50% dieser Materialien stammen aus dem Ausland, 35% auf der Stra\u00dfe, 51% auf dem Seeweg und 14% auf der Schiene. [gCO2 \/ km]<\/p>\n<p>&nbsp;<\/p>\n<p><a href=\"https:\/\/www.ceramicaopera.it\/wp-content\/uploads\/2021\/07\/Politica-ambientale_OperaGroup.pdf\">DOWNLOAD UNSERE FIRMENPHILOSOPHIE<\/a>[\/vc_column_text][vc_empty_space][vc_column_text]<strong>EN 481 GESUNDHEIT UND SICHERHEIT BEI DER ARBEIT <\/strong><\/p>\n<p>Bei Verlegearbeiten wird das Nassschneiden oder das \u00c4tz- und Spaltverfahren empfohlen. Vermeiden Sie Trockenschnitte mit motorisierten Werkzeugen w\u00e4hrend der Installationsarbeiten. Unsachgem\u00e4\u00dfe Installationstechniken k\u00f6nnen den Installateur sch\u00e4dlichem Feinstaub aussetzen.<\/p>\n<p><a href=\"https:\/\/www.ceramicaopera.it\/wp-content\/uploads\/2021\/07\/MDSD_Opera-Group-Srl-IT.pdf\">DOWNLOAD MDSD<\/a>[\/vc_column_text][\/vc_column][\/vc_row][vc_row full_width=&#8221;stretch_row_content_no_spaces&#8221;][vc_column][\/vc_column][\/vc_row]<\/p>\n","protected":false},"excerpt":{"rendered":"<p>[vc_row full_width=&#8221;stretch_row_content_no_spaces&#8221; css=&#8221;.vc_custom_1625221318005{margin-top: 0px !important;padding-top: 0px !important;}&#8221;][vc_column css=&#8221;.vc_custom_1625221333589{margin-top: 0px !important;padding-top: 0px !important;}&#8221;][vc_single_image image=&#8221;2739&#8243; img_size=&#8221;full&#8221; alignment=&#8221;center&#8221;][\/vc_column][\/vc_row][vc_row css=&#8221;.vc_custom_1625221122777{margin-top: 0px !important;padding-top: 0px !important;}&#8221;][vc_column][vc_column_text] GREEN QUALIT\u00c4T, UMWELT UND SICHERHEIT [\/vc_column_text][vc_empty_space][vc_column_text] Kultur der Materie bedeutet, die Umwelt als Kontext all unseres Handelns zu betrachten: von der Materialauswahl \u00fcber die Produktion, den Lebenszyklus des Produkts nach dem Verkauf bis hin zur [&hellip;]<\/p>\n","protected":false},"author":1,"featured_media":0,"parent":0,"menu_order":0,"comment_status":"closed","ping_status":"closed","template":"","meta":{"footnotes":""},"class_list":["post-5552","page","type-page","status-publish","hentry"],"_links":{"self":[{"href":"https:\/\/www.ceramicaopera.it\/de\/wp-json\/wp\/v2\/pages\/5552","targetHints":{"allow":["GET"]}}],"collection":[{"href":"https:\/\/www.ceramicaopera.it\/de\/wp-json\/wp\/v2\/pages"}],"about":[{"href":"https:\/\/www.ceramicaopera.it\/de\/wp-json\/wp\/v2\/types\/page"}],"author":[{"embeddable":true,"href":"https:\/\/www.ceramicaopera.it\/de\/wp-json\/wp\/v2\/users\/1"}],"replies":[{"embeddable":true,"href":"https:\/\/www.ceramicaopera.it\/de\/wp-json\/wp\/v2\/comments?post=5552"}],"version-history":[{"count":13,"href":"https:\/\/www.ceramicaopera.it\/de\/wp-json\/wp\/v2\/pages\/5552\/revisions"}],"predecessor-version":[{"id":9443,"href":"https:\/\/www.ceramicaopera.it\/de\/wp-json\/wp\/v2\/pages\/5552\/revisions\/9443"}],"wp:attachment":[{"href":"https:\/\/www.ceramicaopera.it\/de\/wp-json\/wp\/v2\/media?parent=5552"}],"curies":[{"name":"wp","href":"https:\/\/api.w.org\/{rel}","templated":true}]}}