{"id":5679,"date":"2021-06-22T13:56:50","date_gmt":"2021-06-22T11:56:50","guid":{"rendered":"https:\/\/www.ceramicaopera.it\/zertifizierungen\/"},"modified":"2024-05-06T11:12:17","modified_gmt":"2024-05-06T09:12:17","slug":"zertifizierungen","status":"publish","type":"page","link":"https:\/\/www.ceramicaopera.it\/de\/zertifizierungen\/","title":{"rendered":"Zertifizierungen"},"content":{"rendered":"<p>[vc_row][vc_column][vc_column_text]<\/p>\n<h2>ZERTIFIZIERUNGEN<\/h2>\n<p>[\/vc_column_text][vc_empty_space][vc_column_text]Ceramica <strong>OPERA GROUP srl<\/strong> ist in der Lage, die wichtigsten technischen Eigenschaften der in seinen Labors hergestellten Materialien zu testen, um das Nutzungsniveau gem\u00e4\u00df den geltenden Normen zu bestimmen.<br \/>\nAls weitere Garantie fu\u0308r den Verbraucher l\u00e4sst die <strong>OPERA GROUP srl<\/strong> die Qualit\u00e4t ihrer Produkte an den wichtigsten internationalen Pru\u0308finstituten u\u0308berpru\u0308fen.<\/p>\n<p><strong>WER SCHAFFT DIE STANDARDS?<\/strong><br \/>\nDie Schaffung des europ\u00e4ischen Binnenmarktes und die Globalisierung des Handels auf weltweiter Ebene haben den Schwerpunkt der Vorschriften unweigerlich auf supranationale Gebiete verlagert. Die fu\u0308r die Erstellung gemeinsamer Standards zust\u00e4ndigen Stellen sind nachstehend aufgefu\u0308hrt:<\/p>\n<ul>\n<li>ISO: Internationale Organisation fu\u0308r Normung (gibt die weltweit gu\u0308ltigen ISO-Normen heraus)<\/li>\n<li>CEN: Comit\u00e9 Europ\u00e9en de Normalization (gibt die in Europa gu\u0308ltigen EN-Normen heraus)<\/li>\n<li>UNI: Italienische Nationale Vereinigungsorganisation (vertritt Italien in supranationalen Gremien, erkennt internationale Standards auf nationaler Ebene an und ver\u00f6ffentlicht diese und gib<\/li>\n<\/ul>\n<p>Eine als UNI EN ISO bezeichnete Norm bedeutet, dass sie auf europ\u00e4ischer und italienischer Ebene umgesetzt wird.<\/p>\n<p>&nbsp;<\/p>\n<p><strong>WAS SIND DIE STANDARDS?<\/strong><\/p>\n<ul>\n<li>F\u00f6rderung von Sicherheit, Lebensqualit\u00e4t und Umweltschutz durch Regulierung von Produkten, Prozessen und Dienstleistungen.<\/li>\n<li>Verbesserung der Effektivit\u00e4t und Effizienz des Wirtschaftssystems durch Vereinheitlichung von Produkten, Leistungsniveaus, Testmethoden und Kontrollsystemen.<\/li>\n<li>F\u00f6rderung des internationalen Handels durch Harmonisierung der Regeln und Kontrollen fu\u0308r Produkte und Dienstleistungen.<\/li>\n<li>Erleichtern Sie die Kommunikation, indem Sie Terminologie, Symbole, Codes und Schnittstellen vereinheitlichen.<\/li>\n<li>Wahrung der Interessen des Verbrauchers und der Gemeinschaft.<\/li>\n<\/ul>\n<p>&nbsp;<\/p>\n<p>All dies bedeutet im Bereich Keramikfliesen Folgendes:<\/p>\n<ul>\n<li>Produkt Klassifikation<\/li>\n<li>Eigenschaften, die die Produkte in Bezug auf ihre Verwendung besitzen mu\u0308ssen<\/li>\n<li>Mess- und Testmethoden zur Quantifizierung der verschiedenen Eigenschaften<\/li>\n<li>Probenahme- und Kontrollkriterien fu\u0308r eine Charge von Produkten<\/li>\n<li>Akzeptanzanforderungen fu\u0308r jedes Merkmal und fu\u0308r jeden Produkttyp<\/li>\n<li>Anforderungen an die Identifizierung, Spezifikation und Kennzeichnung jedes Produkttyps<\/li>\n<\/ul>\n<p>[\/vc_column_text][vc_empty_space][\/vc_column][\/vc_row][vc_row][vc_column][vc_column_text]<\/p>\n<h3>DIE CEN-NORMEN<\/h3>\n<p><strong>(CEN &#8211; Comit\u00e9 Europ\u00e9en de Normalisation)<\/strong><br \/>\nObwohl sie gesetzlich nicht bindend sind, stellen die Normen CEN EN 14411 bei allen Kontroversen und Beanstandungen eine wichtige Richtschnur dar. Die Normen werden in folgenden CEN-Mitgliedsstaaten anerkannt: Belgien, D\u00e4nemark, Deutschland, Finnland, Frankreich, Griechenland, Gro\u00dfbritannien, Irland, Island, Italien, Luxemburg, Malta, Niederlande, Norwegen, \u00d6sterreich, Portugal, Schweden, Schweiz, Spanien, Tschechien. Auf internationaler Ebene nimmt Opera Group srl auf die in den meisten L\u00e4ndern der Welt anerkannten Richtlinien ISO 13006 Bezug. Ceramica Opera Group srl garantiert ihre Produkte nach den Normen UNI EN 14411 &#8211; ISO 13006.[\/vc_column_text][vc_empty_space][vc_column_text]<\/p>\n<h3><img decoding=\"async\" class=\"alignnone wp-image-1707 size-full\" src=\"https:\/\/www.ceramicaopera.it\/wp-content\/uploads\/2021\/06\/made-in-italy.jpg\" alt=\"\" width=\"200\" \/><\/h3>\n<p><strong>MADE IN ITALY<\/strong><\/p>\n<p>Die Produktion unserer Produkte erfolgt ausschlie\u00dflich in Italien. Die Produktionslinien werden im Laufe der Zeit st\u00e4ndig erneuert und erweitert, um die pu\u0308nktliche Einhaltung der geltenden Sicherheitsbestimmungen zu gew\u00e4hrleisten. Wir schreiben mit Stolz \u201cMade in Italy\u201d auf unsere Fliesen, weil sie ein Synonym fu\u0308r kreative Leidenschaft sind, die wesentlichen Werte, die unsere t\u00e4glichen Entscheidungen und Aktivit\u00e4ten inspirieren.[\/vc_column_text][vc_empty_space][vc_column_text]<\/p>\n<h3><img decoding=\"async\" class=\"alignnone size-full wp-image-1706\" src=\"https:\/\/www.ceramicaopera.it\/wp-content\/uploads\/2021\/06\/ce.jpg\" alt=\"\" width=\"100\" \/><\/h3>\n<p><strong>MARCATURA CE<\/strong><\/p>\n<p>Die entsprechende kommerzielle Dokumentation kann von H\u00e4ndlern, Fachleuten und Anwendern im Downloadbereich dieser Website eingesehen werden.<\/p>\n<p>Das CE\u2013 Kennzeichnung ist die von EU angefragte Zertifizierung fu\u0308r die Produkt- Sicherheit, und hat das Zweck die Gesundheit der Menschen zu schu\u0308tzen und die Gu\u0308ter in der Bauphase zu bewahren. Die wichtigste Neuheit ist die Einfu\u0308gung der Leistungserkl\u00e4rung (DOP, Declaration Of Performance), mit der der Hersteller die Sicherheitsanforderungen eigenen Materialien mitteilt.[\/vc_column_text][vc_row_inner css=&#8221;.vc_custom_1624614159024{padding-top: 1em !important;}&#8221;][vc_column_inner width=&#8221;1\/4&#8243;][vc_column_text]<a href=\"https:\/\/www.ceramicaopera.it\/wp-content\/uploads\/2021\/06\/ce-it.pdf\"><img loading=\"lazy\" decoding=\"async\" class=\"alignnone size-full wp-image-1611\" src=\"https:\/\/www.ceramicaopera.it\/wp-content\/uploads\/2021\/06\/icona-download.png\" alt=\"\" width=\"25\" height=\"25\" \/><\/a> <a href=\"https:\/\/www.ceramicaopera.it\/wp-content\/uploads\/2021\/06\/ce-it.pdf\">Declaration of Performance &#8211; Sliperiness Table 01OPR-IT<\/a>[\/vc_column_text][\/vc_column_inner][vc_column_inner width=&#8221;1\/4&#8243;][vc_column_text]<a href=\"https:\/\/www.ceramicaopera.it\/wp-content\/uploads\/2021\/06\/ce-uk.pdf\"><img loading=\"lazy\" decoding=\"async\" class=\"alignnone size-full wp-image-1611\" src=\"https:\/\/www.ceramicaopera.it\/wp-content\/uploads\/2021\/06\/icona-download.png\" alt=\"\" width=\"25\" height=\"25\" \/><\/a> <a href=\"https:\/\/www.ceramicaopera.it\/wp-content\/uploads\/2021\/06\/ce-uk.pdf\">Declaration of Performance &#8211; Sliperiness Table 01OPR-UK<\/a>[\/vc_column_text][\/vc_column_inner][vc_column_inner width=&#8221;1\/4&#8243;][vc_column_text]<a href=\"https:\/\/www.ceramicaopera.it\/wp-content\/uploads\/2021\/06\/ce-de.pdf\"><img loading=\"lazy\" decoding=\"async\" class=\"alignnone wp-image-1611 size-full\" src=\"https:\/\/www.ceramicaopera.it\/wp-content\/uploads\/2021\/06\/icona-download.png\" alt=\"\" width=\"30\" height=\"30\" \/><\/a> <a href=\"https:\/\/www.ceramicaopera.it\/wp-content\/uploads\/2021\/06\/ce-de.pdf\">Declaration of Performance &#8211; Sliperiness Table 01OPR-DE<\/a>[\/vc_column_text][\/vc_column_inner][vc_column_inner width=&#8221;1\/4&#8243;][vc_column_text]<a href=\"https:\/\/www.ceramicaopera.it\/wp-content\/uploads\/2021\/06\/ce-fr.pdf\"><img loading=\"lazy\" decoding=\"async\" class=\"alignnone size-full wp-image-1611\" src=\"https:\/\/www.ceramicaopera.it\/wp-content\/uploads\/2021\/06\/icona-download.png\" alt=\"\" width=\"25\" height=\"25\" \/><\/a> <a href=\"https:\/\/www.ceramicaopera.it\/wp-content\/uploads\/2021\/06\/ce-fr.pdf\">Declaration of Performance &#8211; Sliperiness Table 01OPR-FR<\/a>[\/vc_column_text][\/vc_column_inner][\/vc_row_inner][vc_row_inner css=&#8221;.vc_custom_1624614170695{padding-top: 1em !important;padding-bottom: 1em !important;}&#8221;][vc_column_inner width=&#8221;1\/4&#8243;][vc_column_text]<a href=\"https:\/\/www.ceramicaopera.it\/wp-content\/uploads\/2021\/06\/ce-es.pdf\"><img loading=\"lazy\" decoding=\"async\" class=\"alignnone size-full wp-image-1611\" src=\"https:\/\/www.ceramicaopera.it\/wp-content\/uploads\/2021\/06\/icona-download.png\" alt=\"\" width=\"25\" height=\"25\" \/><\/a> <a href=\"https:\/\/www.ceramicaopera.it\/wp-content\/uploads\/2021\/06\/ce-es.pdf\">Declaration of Performance &#8211; Sliperiness Table 01OPR-ES<\/a>[\/vc_column_text][\/vc_column_inner][vc_column_inner width=&#8221;1\/4&#8243;][vc_column_text]<a href=\"https:\/\/www.ceramicaopera.it\/wp-content\/uploads\/2021\/06\/ce-cz.pdf\"><img loading=\"lazy\" decoding=\"async\" class=\"alignnone size-full wp-image-1611\" src=\"https:\/\/www.ceramicaopera.it\/wp-content\/uploads\/2021\/06\/icona-download.png\" alt=\"\" width=\"25\" height=\"25\" \/><\/a> <a href=\"https:\/\/www.ceramicaopera.it\/wp-content\/uploads\/2021\/06\/ce-cz.pdf\">Declaration of Performance &#8211; Sliperiness Table 01OPR-CZ<\/a>[\/vc_column_text][\/vc_column_inner][vc_column_inner width=&#8221;1\/4&#8243;][vc_column_text]<a href=\"https:\/\/www.ceramicaopera.it\/wp-content\/uploads\/2021\/06\/ce-hu.pdf\"><img loading=\"lazy\" decoding=\"async\" class=\"alignnone size-full wp-image-1611\" src=\"https:\/\/www.ceramicaopera.it\/wp-content\/uploads\/2021\/06\/icona-download.png\" alt=\"\" width=\"25\" height=\"25\" \/><\/a> <a href=\"https:\/\/www.ceramicaopera.it\/wp-content\/uploads\/2021\/06\/ce-hu.pdf\">Declaration of Performance &#8211; Sliperiness Table 01OPR-HU<\/a>[\/vc_column_text][\/vc_column_inner][vc_column_inner width=&#8221;1\/4&#8243;][vc_column_text]<a href=\"https:\/\/www.ceramicaopera.it\/wp-content\/uploads\/2021\/07\/Declaration-of-Performance-%E2%80%93-Sliperiness-Table-01OPR-NO.pdf\"><img loading=\"lazy\" decoding=\"async\" class=\"alignnone size-full wp-image-1611\" src=\"https:\/\/www.ceramicaopera.it\/wp-content\/uploads\/2021\/06\/icona-download.png\" alt=\"\" width=\"25\" height=\"25\" \/> Declaration of Performance &#8211; Sliperiness Table 01OPR-NO<\/a>[\/vc_column_text][\/vc_column_inner][\/vc_row_inner][vc_row_inner][vc_column_inner width=&#8221;1\/4&#8243;][vc_column_text]<a href=\"https:\/\/www.ceramicaopera.it\/wp-content\/uploads\/2021\/06\/ce-pl.pdf\"><img loading=\"lazy\" decoding=\"async\" class=\"alignnone size-full wp-image-1611\" src=\"https:\/\/www.ceramicaopera.it\/wp-content\/uploads\/2021\/06\/icona-download.png\" alt=\"\" width=\"25\" height=\"25\" \/><\/a> <a href=\"https:\/\/www.ceramicaopera.it\/wp-content\/uploads\/2021\/06\/ce-pl.pdf\">Declaration of Performance &#8211; Sliperiness Table 01OPR-PL<\/a>[\/vc_column_text][\/vc_column_inner][vc_column_inner width=&#8221;1\/4&#8243;][vc_column_text]<a href=\"https:\/\/www.ceramicaopera.it\/wp-content\/uploads\/2021\/06\/ce-nl.pdf\" target=\"_blank\" rel=\"noopener\"><img loading=\"lazy\" decoding=\"async\" class=\"alignnone size-full wp-image-1611\" src=\"https:\/\/www.ceramicaopera.it\/wp-content\/uploads\/2021\/06\/icona-download.png\" alt=\"\" width=\"25\" height=\"25\" \/><\/a> <a href=\"https:\/\/www.ceramicaopera.it\/wp-content\/uploads\/2021\/06\/ce-nl.pdf\" target=\"_blank\" rel=\"noopener\">Declaration of Performance &#8211; Sliperiness Table 01OPR-NL<\/a>[\/vc_column_text][\/vc_column_inner][vc_column_inner width=&#8221;1\/4&#8243;][vc_column_text]<a href=\"https:\/\/www.ceramicaopera.it\/wp-content\/uploads\/2021\/06\/ce-sl.pdf\" target=\"_blank\" rel=\"noopener\"><img loading=\"lazy\" decoding=\"async\" class=\"alignnone size-full wp-image-1611\" src=\"https:\/\/www.ceramicaopera.it\/wp-content\/uploads\/2021\/06\/icona-download.png\" alt=\"\" width=\"25\" height=\"25\" \/><\/a> <a href=\"https:\/\/www.ceramicaopera.it\/wp-content\/uploads\/2021\/06\/ce-sl.pdf\" target=\"_blank\" rel=\"noopener\">Declaration of Performance &#8211; Sliperiness Table 01OPR-SL<\/a>[\/vc_column_text][\/vc_column_inner][vc_column_inner width=&#8221;1\/4&#8243;][vc_column_text]<strong><a href=\"https:\/\/www.ceramicaopera.it\/wp-content\/uploads\/2021\/06\/ce-sl.pdf\" target=\"_blank\" rel=\"noopener\"><img loading=\"lazy\" decoding=\"async\" class=\"alignnone size-full wp-image-1611\" src=\"https:\/\/www.ceramicaopera.it\/wp-content\/uploads\/2021\/06\/icona-download.png\" alt=\"\" width=\"25\" height=\"25\" \/><\/a><\/strong>\u00a0<a href=\"https:\/\/www.ceramicaopera.it\/wp-content\/uploads\/2024\/05\/Sliperiness-Table.pdf\">Rutschigkeitstabelle<\/a>[\/vc_column_text][\/vc_column_inner][\/vc_row_inner][vc_row_inner][vc_column_inner width=&#8221;1\/4&#8243;][vc_column_text]<a href=\"https:\/\/www.ceramicaopera.it\/wp-content\/uploads\/2021\/06\/ce-pl.pdf\"><img loading=\"lazy\" decoding=\"async\" class=\"alignnone size-full wp-image-1611\" src=\"https:\/\/www.ceramicaopera.it\/wp-content\/uploads\/2021\/06\/icona-download.png\" alt=\"\" width=\"25\" height=\"25\" \/><\/a> <a href=\"https:\/\/www.elementiles.it\/wp-content\/uploads\/2024\/05\/Accompanyng_documents_CE_DE.pdf\">Begleitdokumente CE<\/a><\/p>\n<p><a href=\"https:\/\/www.ceramicaopera.it\/wp-content\/uploads\/2021\/06\/ce-pl.pdf\"><img loading=\"lazy\" decoding=\"async\" class=\"alignnone size-full wp-image-1611\" src=\"https:\/\/www.ceramicaopera.it\/wp-content\/uploads\/2021\/06\/icona-download.png\" alt=\"\" width=\"25\" height=\"25\" \/><\/a> <a href=\"https:\/\/www.ceramicaopera.it\/wp-content\/uploads\/2024\/05\/dop_01OPR-_rev7-DE.pdf\">Leistungserkl\u00e4rung<\/a>[\/vc_column_text][\/vc_column_inner][\/vc_row_inner][vc_empty_space][vc_separator color=&#8221;custom&#8221; border_width=&#8221;2&#8243; accent_color=&#8221;#69867f&#8221;][vc_empty_space][vc_row_inner css=&#8221;.vc_custom_1625646896378{padding-bottom: 1em !important;}&#8221;][vc_column_inner width=&#8221;1\/4&#8243;][vc_column_text]<a href=\"https:\/\/www.ceramicaopera.it\/wp-content\/uploads\/2021\/07\/Bicottura_Declaration-of-Performance-%E2%80%93-Sliperiness-Table-02OPR-IT.pdf\"><img loading=\"lazy\" decoding=\"async\" class=\"alignnone size-full wp-image-1611\" src=\"https:\/\/www.ceramicaopera.it\/wp-content\/uploads\/2021\/06\/icona-download.png\" alt=\"\" width=\"25\" height=\"25\" \/> Bicottura_Declaration of Performance \u2013 Sliperiness Table 02OPR-IT<\/a>[\/vc_column_text][\/vc_column_inner][vc_column_inner width=&#8221;1\/4&#8243;][vc_column_text]<\/p>\n<p data-wp-editing=\"1\"><a href=\"https:\/\/www.ceramicaopera.it\/wp-content\/uploads\/2021\/07\/Bicottura_Declaration-of-Performance-%E2%80%93-Sliperiness-Table-02OPR-UK.pdf\"><img loading=\"lazy\" decoding=\"async\" class=\"alignnone size-full wp-image-1611\" src=\"https:\/\/www.ceramicaopera.it\/wp-content\/uploads\/2021\/06\/icona-download.png\" alt=\"\" width=\"25\" height=\"25\" \/> Bicottura_Declaration of Performance \u2013 Sliperiness Table 02OPR-UK<\/a><\/p>\n<p>[\/vc_column_text][\/vc_column_inner][vc_column_inner width=&#8221;1\/4&#8243;][vc_column_text]<a href=\"https:\/\/www.ceramicaopera.it\/wp-content\/uploads\/2021\/07\/Bicottura_Declaration-of-Performance-%E2%80%93-Sliperiness-Table-02OPR-DE.pdf\"><img loading=\"lazy\" decoding=\"async\" class=\"alignnone size-full wp-image-1611\" src=\"https:\/\/www.ceramicaopera.it\/wp-content\/uploads\/2021\/06\/icona-download.png\" alt=\"\" width=\"25\" height=\"25\" \/> Bicottura_Declaration of Performance \u2013 Sliperiness Table 02OPR-DE<\/a>[\/vc_column_text][\/vc_column_inner][vc_column_inner width=&#8221;1\/4&#8243;][vc_column_text]<a href=\"https:\/\/www.ceramicaopera.it\/wp-content\/uploads\/2021\/07\/Bicottura_Declaration-of-Performance-%E2%80%93-Sliperiness-Table-02OPR-FR.pdf\"><img loading=\"lazy\" decoding=\"async\" class=\"alignnone size-full wp-image-1611\" src=\"https:\/\/www.ceramicaopera.it\/wp-content\/uploads\/2021\/06\/icona-download.png\" alt=\"\" width=\"25\" height=\"25\" \/> Bicottura_Declaration of Performance \u2013 Sliperiness Table 02OPR-FR<\/a>[\/vc_column_text][\/vc_column_inner][\/vc_row_inner][vc_row_inner][vc_column_inner width=&#8221;1\/4&#8243;][vc_column_text]<a href=\"https:\/\/www.ceramicaopera.it\/wp-content\/uploads\/2021\/07\/Bicottura_Declaration-of-Performance-%E2%80%93-Sliperiness-Table-02OPR-SL.pdf\"><img loading=\"lazy\" decoding=\"async\" class=\"alignnone size-full wp-image-1611\" src=\"https:\/\/www.ceramicaopera.it\/wp-content\/uploads\/2021\/06\/icona-download.png\" alt=\"\" width=\"25\" height=\"25\" \/> Bicottura_Declaration of Performance \u2013 Sliperiness Table 02OPR-SL<\/a>[\/vc_column_text][\/vc_column_inner][vc_column_inner width=&#8221;1\/4&#8243;][\/vc_column_inner][vc_column_inner width=&#8221;1\/4&#8243;][\/vc_column_inner][vc_column_inner width=&#8221;1\/4&#8243;][\/vc_column_inner][\/vc_row_inner][vc_empty_space][vc_column_text]<img decoding=\"async\" class=\"alignnone size-full wp-image-1704\" src=\"https:\/\/www.ceramicaopera.it\/wp-content\/uploads\/2021\/06\/qb.jpg\" alt=\"\" width=\"180\" \/><\/p>\n<p><strong>UPEC<\/strong> ist das franz\u00f6sische technische Qualit\u00e4tszeichen, eine vom franz\u00f6sischen CSTB-Institut ausgestellte Produktzertifizierung, um die Eignung eines Produkts fu\u0308r verschiedene Verwendungszwecke sicherzustellen. Tats\u00e4chlich beinhaltet jede Umgebung unterschiedliche Arten und Grade von Beanspruchung, und jede Beschichtung erh\u00e4lt unterschiedliche Bewertungen hinsichtlich der Verschlei\u00dffestigkeit von Trampeln (U) u\u0308ber mechanische Beanspruchung (P) bis hin zu Wasser (E) und Chemikalien (C. ). Die vollst\u00e4ndige Liste der zertifizierten srl-Produkte der Opera Group finden Sie auf der offiziellen CSTB-Website.<br \/>\nF\u00fcr weitere Informationen: https:\/\/evaluation.cstb.fr<\/p>\n<p>[\/vc_column_text][vc_empty_space][vc_column_text]<strong><img decoding=\"async\" class=\"alignnone size-full wp-image-1703\" src=\"https:\/\/www.ceramicaopera.it\/wp-content\/uploads\/2021\/06\/ccc.jpg\" alt=\"\" width=\"100\" \/><\/strong><\/p>\n<p><strong>CCC<\/strong> \u2013 ist die Produktzertifizierung f\u00fcr den Verkauf von Feinsteinzeugfliesen auf dem gesamten chinesischen Markt. Bei der CCC-Zertifizierung geht es um Anforderungen in Bezug auf Sicherheit und Gesundheit des Endbenutzers und wird freigegeben ausschlie\u00dflich von akkreditierten Instituten die den chinesischen Beh\u00f6rden angegliedert sind<br \/>\nF\u00fcr weitere Informationen: <a href=\"http:\/\/www.ctc.ac.cn\/\">www.ctc.ac.cn<\/a>[\/vc_column_text][vc_empty_space][vc_column_text]<strong><img decoding=\"async\" class=\"alignnone size-full wp-image-1702\" src=\"https:\/\/www.ceramicaopera.it\/wp-content\/uploads\/2021\/06\/A.jpg\" alt=\"\" width=\"180\" \/><\/strong><\/p>\n<p><strong>VOC &#8211; COV<\/strong><br \/>\nIn den letzten Jahren ist die Sensibilit\u00e4t gegenu\u0308ber den negativen Auswirkungen von Produkten auf die Umwelt und auf die menschliche Gesundheit stark angestiegen: Die Luftverschmutzung auch in Innenr\u00e4umen ist ein wiederkehrendes Thema geworden, dass alle Akteure im Bausektor beru\u0308cksichtigen mu\u0308ssen. Seit einigen Jahren gibt es ein Umwelteinstufungslabel, das das Niveau der Luftverschmutzung beurteilt, die in Innenr\u00e4umen durch ein bestimmtes Produkt, insbesondere, neben anderen Schadstoffen, durch die flu\u0308chtigen organischen Verbindungen, die VOCs verursacht wird.<\/p>\n<p>Die Keramikfliesen enthalten ihrem Wesen nach keine VOCs: Keramikfliesen sind in der Tat Produkte der Mineralchemie und sind nicht organisch. Au\u00dferdem sorgt das Brennen bei mehr als 1200 \u00b0C fu\u0308r die vollst\u00e4ndige Zerst\u00f6rung aller organischen Reste und insbesondere der VOCs. Keramikfliesen werden immer als A+ klassifiziert, da sie keine toxischen Stoffe in die Umwelt abgeben.[\/vc_column_text][vc_empty_space][vc_column_text]<\/p>\n<h2>PROGRAMME EXPORTIEREN<\/h2>\n<p><strong>Konformit\u00e4tsbewertungsprogramme (CAP)<\/strong><\/p>\n<p><strong>Export nach Kuwait<\/strong><\/p>\n<p>Kuwait-Konformit\u00e4tssicherungssystem (KUCAS)<br \/>\nVon den kuwaitischen Beh\u00f6rden (Public Authority for Industry of the State of Kuwait &#8211; PAI) wird ein obligatorisches Compliance-Verifizierungsprogramm f\u00fcr bestimmte regulierte Produkte eingerichtet.<br \/>\nDie Zertifizierung bescheinigt die Konformit\u00e4t importierter Produkte mit den verbindlichen Standards Kuwaits.<br \/>\nDer Zertifizierungsprozess von Intertek gliedert sich in zwei Phasen:<\/p>\n<ol>\n<li>Produktverifizierung \u2013 Technischer Bewertungsbericht<\/li>\n<li>Verifizierung der Sendung &#8211; Technischer Pr\u00fcfbericht<\/li>\n<\/ol>\n<p><strong>Export nach Saudi-Arabien<\/strong><\/p>\n<p>Die Saudi Standards, Metrology and Quality Organization (SASO) hat das Produktsicherheitsprogramm (SALEEM) f\u00fcr die Online-Exportzertifizierung f\u00fcr Saudi-Arabien implementiert.<br \/>\nDie Konformit\u00e4tsbewertung von Produkten, die unter diese technischen Vorschriften fallen, sogenannte regulierte Produkte, ist ein Prozess, der in zwei Phasen unterteilt ist:<\/p>\n<ol>\n<li>Schritt 1: Ausstellung der Produkt-Konformit\u00e4tsbescheinigung (PCoC)<\/li>\n<li>Schritt 2: Ausstellung des Shipment Certificate of Conformity (SCoC)<\/li>\n<\/ol>\n<p><strong>Export nach Nigeria<\/strong><\/p>\n<p>SON-Konformit\u00e4tsbewertungsprogramm f\u00fcr den Export nach Nigeria (SONCAP)[\/vc_column_text][\/vc_column][\/vc_row]<\/p>\n","protected":false},"excerpt":{"rendered":"<p>[vc_row][vc_column][vc_column_text] ZERTIFIZIERUNGEN [\/vc_column_text][vc_empty_space][vc_column_text]Ceramica OPERA GROUP srl ist in der Lage, die wichtigsten technischen Eigenschaften der in seinen Labors hergestellten Materialien zu testen, um das Nutzungsniveau gem\u00e4\u00df den geltenden Normen zu bestimmen. Als weitere Garantie fu\u0308r den Verbraucher l\u00e4sst die OPERA GROUP srl die Qualit\u00e4t ihrer Produkte an den wichtigsten internationalen Pru\u0308finstituten u\u0308berpru\u0308fen. WER SCHAFFT DIE [&hellip;]<\/p>\n","protected":false},"author":1,"featured_media":0,"parent":0,"menu_order":0,"comment_status":"closed","ping_status":"closed","template":"","meta":{"footnotes":""},"class_list":["post-5679","page","type-page","status-publish","hentry"],"_links":{"self":[{"href":"https:\/\/www.ceramicaopera.it\/de\/wp-json\/wp\/v2\/pages\/5679","targetHints":{"allow":["GET"]}}],"collection":[{"href":"https:\/\/www.ceramicaopera.it\/de\/wp-json\/wp\/v2\/pages"}],"about":[{"href":"https:\/\/www.ceramicaopera.it\/de\/wp-json\/wp\/v2\/types\/page"}],"author":[{"embeddable":true,"href":"https:\/\/www.ceramicaopera.it\/de\/wp-json\/wp\/v2\/users\/1"}],"replies":[{"embeddable":true,"href":"https:\/\/www.ceramicaopera.it\/de\/wp-json\/wp\/v2\/comments?post=5679"}],"version-history":[{"count":11,"href":"https:\/\/www.ceramicaopera.it\/de\/wp-json\/wp\/v2\/pages\/5679\/revisions"}],"predecessor-version":[{"id":10501,"href":"https:\/\/www.ceramicaopera.it\/de\/wp-json\/wp\/v2\/pages\/5679\/revisions\/10501"}],"wp:attachment":[{"href":"https:\/\/www.ceramicaopera.it\/de\/wp-json\/wp\/v2\/media?parent=5679"}],"curies":[{"name":"wp","href":"https:\/\/api.w.org\/{rel}","templated":true}]}}