{"id":5778,"date":"2021-05-27T10:33:30","date_gmt":"2021-05-27T08:33:30","guid":{"rendered":"https:\/\/www.ceramicaopera.it\/unternehmen\/"},"modified":"2023-08-07T15:13:22","modified_gmt":"2023-08-07T13:13:22","slug":"unternehmen","status":"publish","type":"page","link":"https:\/\/www.ceramicaopera.it\/de\/unternehmen\/","title":{"rendered":"Unternehmen"},"content":{"rendered":"<p>[vc_row full_width=&#8221;stretch_row_content_no_spaces&#8221;][vc_column][vc_single_image image=&#8221;3287&#8243; img_size=&#8221;full&#8221; alignment=&#8221;center&#8221;][\/vc_column][\/vc_row][vc_row][vc_column width=&#8221;1\/6&#8243;][\/vc_column][vc_column width=&#8221;2\/3&#8243;][vc_empty_space][vc_column_text]<strong>OPERA GROUP: eine geschichte von tradition und innovation<\/strong><\/p>\n<p>[\/vc_column_text][vc_empty_space][vc_column_text]Die Opera Group wurde 2003 gegru\u0308ndet und ist derzeit einer der Hauptakteure im italienischen Keramiksektor, der in der Produktion und im Verkauf von keramischen Materialien fu\u0308r B\u00f6den und W\u00e4nde t\u00e4tig ist. Im Laufe der Jahre ist es der Opera Group gelungen, die L\u00e4nder, in die sie exportiert, zu diversifizieren, neue M\u00e4rkte in Westeuropa, Osteuropa, dem Nahen Osten und den USA zu erschlie\u00dfen und ihre Pr\u00e4senz im Ausland zu festigen, indem sie ihren Kundenstamm verfolgt und h\u00e4lt. Opera setzt einen der bedeutendsten Investitionspl\u00e4ne der letzten 20 Jahre im italienischen Keramikviertel um. Die technologische und strukturelle Transformation des Unternehmenskomplexes hat es erm\u00f6glicht, die bestehende Produktionsstruktur wieder ins Spiel zu bringen und sie auf europ\u00e4ischer und globaler Ebene wettbewerbsf\u00e4hig zu machen, und eine markante Neugestaltung des Produktportfolios in Bezug auf Sortimente und Formate eingeleitet .[\/vc_column_text][vc_column_text][\/vc_column_text][vc_empty_space][\/vc_column][vc_column width=&#8221;1\/6&#8243;][\/vc_column][\/vc_row][vc_row][vc_column width=&#8221;1\/6&#8243;][\/vc_column][vc_column width=&#8221;2\/3&#8243;][vc_single_image image=&#8221;3435&#8243; img_size=&#8221;full&#8221; alignment=&#8221;center&#8221;][vc_empty_space][vc_column_text]Die <strong>Gruppe exportiert 80%<\/strong> ihres Umsatzes.<br \/>\nIm Zuge einer Neuausrichtung des Vertriebs wurden in den letzten Jahren neue Handelsbeziehungen aufgenommen, internationale Auftr\u00e4ge abgeschlossen und Belieferungen in M\u00e4rkten wie Australien, Russland, Zentral- und Nordafrika get\u00e4tigt.[\/vc_column_text][vc_empty_space][\/vc_column][vc_column width=&#8221;1\/6&#8243;][\/vc_column][\/vc_row][vc_row full_width=&#8221;stretch_row_content&#8221; css=&#8221;.vc_custom_1625233504470{padding-bottom: 30px !important;background-color: #69867f !important;}&#8221;][vc_column width=&#8221;1\/6&#8243;][\/vc_column][vc_column width=&#8221;2\/6&#8243;][vc_custom_heading text=&#8221;QUALIT\u00c4T UND DESIGN&#8221; font_container=&#8221;tag:h2|text_align:left|color:%23ffffff&#8221; use_theme_fonts=&#8221;yes&#8221;][vc_column_text]<span style=\"color: #ffffff;\">Der Qualit\u00e4tsbegriff in Opera erh\u00e4lt durch die Konzentration und Weiterentwicklung der Produktionsprozesse eine neue Defintion,<\/span><br \/>\n<span style=\"color: #ffffff;\">indem neuen angewandten betrieblichen Kriterien Aufmerksamkeit gegeben wird und Opera im Vergleich zur Vergangenheit neu aufstellt Den neuen regulatorischen Grunds\u00e4tzen folgend und unter Ber\u00fccksichtigung der von den Produkten geforderten technischen \/ qualitativen Eigenschaften bedeutet Qualit\u00e4t heute \u201ekontinuierliche Verbesserung der Gesch\u00e4ftsprozesse\u201c. Wir haben uns von einem Ansatz, der auf einer p\u00fcnktlichen Endproduktkontrolle basiert, zu einem systemischen und integrierten Managementansatz bewegt, bei dem die Einbeziehung aller Mitarbeiter, die Planung, die Dokumentation der T\u00e4tigkeit und eine auf kontinuierliche Verbesserung ausgerichtete Philosophie zu den Eckpfeilern des neuen Produktions- und Management-Leitbildes warden.<\/span><br \/>\n<span style=\"color: #ffffff;\">Qualit\u00e4t wird zu einer echten Wettbewerbsstrategie und Kern der Unternehmensmission und damit \u201eZweck\u201c und nicht mehr nur ein Produktionselement.<\/span>[\/vc_column_text][vc_empty_space][\/vc_column][vc_column width=&#8221;2\/6&#8243;][vc_single_image image=&#8221;3431&#8243; img_size=&#8221;full&#8221; alignment=&#8221;center&#8221;][\/vc_column][vc_column width=&#8221;1\/6&#8243;][\/vc_column][\/vc_row][vc_row full_width=&#8221;stretch_row_content&#8221;][vc_column width=&#8221;1\/6&#8243;][\/vc_column][vc_column width=&#8221;2\/6&#8243;][vc_single_image image=&#8221;5325&#8243; img_size=&#8221;full&#8221; alignment=&#8221;center&#8221;][\/vc_column][vc_column width=&#8221;2\/6&#8243;][vc_custom_heading text=&#8221;FORSCHUNG UND ENTWICKLUNG&#8221; use_theme_fonts=&#8221;yes&#8221;][vc_custom_heading text=&#8221;Bei Opera ist Forschung und Entwicklung haupts\u00e4chlich anwendungsbezogen.&#8221; font_container=&#8221;tag:h3|text_align:left&#8221; use_theme_fonts=&#8221;yes&#8221;][vc_column_text]In Opera untersuchen wir, wie man &#8220;verf\u00fcgbare&#8221; Wirkstoffe und Materialien verwendet, um neue Methoden zu iniziieren oder zu definieren, auf der st\u00e4ndigen Suche nach der Optimierung und Standardisierung der Produktionskosten. All dies, ohne die Anforderungen eines qualifizierten Marktes aus den Augen zu verlieren.<br \/>\nWir k\u00f6nnen unser Labor als Zentrum definieren: Es hat die Aufgabe, technische und gestalterische Vorschl\u00e4ge zu recherchieren und auszuw\u00e4hlen sowie die Anwendbarkeit bestimmter Rohstoffe f\u00fcr die Produktionszyklen neu zu untersuchen.<\/p>\n<p>Die st\u00e4ndige Innovation in der Zusammensetzung der grundlegenden Produktionsmaterialien, die Aufmerksamkeit f\u00fcr die Aktualisierung der installierten Maschinen, die Auswahl des qualifizierten Personals und die effiziente Logistik-Produktionsorganisation haben es Opera erm\u00f6glicht, seine Ergebnisse bei der st\u00e4ndigen Neukombination der Produktion zu verbessern.<br \/>\nProduktionsflexibilit\u00e4t, \u00e4sthetische Qualit\u00e4t, Lukrativit\u00e4t des Angebots.<br \/>\nDas interne Labor \u00fcberwacht st\u00e4ndig die Leistung der ausgew\u00e4hlten Materialien und bewertet eventuelle M\u00e4ngel der verwendeten Materialien; es analysiert Produktfehlerdaten, testet auf Ursachen von Problemen und entwickelt, plant und bewertet designbasierte L\u00f6sungen.[\/vc_column_text][\/vc_column][vc_column width=&#8221;1\/6&#8243;][\/vc_column][\/vc_row][vc_row][vc_column][vc_empty_space][\/vc_column][\/vc_row][vc_row full_width=&#8221;stretch_row_content_no_spaces&#8221;][vc_column][vc_single_image image=&#8221;3248&#8243; img_size=&#8221;full&#8221;][vc_empty_space][\/vc_column][\/vc_row][vc_row full_width=&#8221;stretch_row_content&#8221;][vc_column width=&#8221;1\/6&#8243;][\/vc_column][vc_column width=&#8221;1\/3&#8243;][vc_custom_heading text=&#8221;UNSERE PRODUKTION&#8221; use_theme_fonts=&#8221;yes&#8221;][vc_column_text]<strong>ABTEILUNG \u00d6FEN<\/strong><\/p>\n<p>Der Brand der Fliesen <strong><em>erfolgt<\/em><\/strong> in Durchlauf\u00f6fen auf Walzen, in denen hohe Temperaturen erreicht werden (von 900\u00b0C bis \u00fcber 1250\u00b0C). Im Ofeninneren werden die Fliesen zun\u00e4chst auf die maximale Brenntemperatur aufgeheizt und nach einem definierten Verweilen auf dieser Temperatur sukzessive abgek\u00fchlt. W\u00e4hrend des Brennens durchl\u00e4uft das Produkt chemisch-physikalische Reaktionen und Umwandlungen, die notwendig sind, um eine mechanisch widerstandsf\u00e4hige Struktur zu erhalten.[\/vc_column_text][\/vc_column][vc_column width=&#8221;1\/3&#8243;][vc_gallery type=&#8221;flexslider_slide&#8221; interval=&#8221;3&#8243; images=&#8221;3197,3201&#8243; img_size=&#8221;full&#8221; onclick=&#8221;&#8221;][\/vc_column][vc_column width=&#8221;1\/6&#8243;][\/vc_column][\/vc_row][vc_row][vc_column][vc_empty_space][\/vc_column][\/vc_row][vc_row full_width=&#8221;stretch_row_content&#8221;][vc_column width=&#8221;1\/6&#8243;][\/vc_column][vc_column width=&#8221;1\/3&#8243;][vc_gallery type=&#8221;flexslider_slide&#8221; interval=&#8221;3&#8243; images=&#8221;3185,3189,3193&#8243; img_size=&#8221;full&#8221; onclick=&#8221;&#8221;][\/vc_column][vc_column width=&#8221;1\/3&#8243;][vc_column_text]<strong>MISCHABTEILUNG, FEIN- ZERST\u00c4UBTE ROHSTOFFLAGERUNG<\/strong><\/p>\n<p>Das feinzerst\u00e4ubte Produkt wird \u00fcber F\u00f6rderb\u00e4nder und Umlenkbleche in die Lagersilos geleitet. Aus dem unteren Teil des Silos tritt das Gemisch durch ein Wolfsmaul aus, eine Sensoreinrichtung, die das atomatisierte Produkt \u00fcber F\u00f6rderb\u00e4nder und mittels Vibrationssiebe und Differenzierer reguliert und dann auf das F\u00f6rderband dosiert.<\/p>\n<p>Von hier aus wird es durch die Auswahl der verschiedenen Umlenkmesser direkt zu den Pressen transportiert oder in Silos bis auf seinen Einsatz gelagert.[\/vc_column_text][\/vc_column][vc_column width=&#8221;1\/6&#8243;][\/vc_column][\/vc_row][vc_row][vc_column][vc_empty_space][\/vc_column][\/vc_row][vc_row full_width=&#8221;stretch_row_content&#8221; css=&#8221;.vc_custom_1625233504470{padding-bottom: 30px !important;background-color: #69867f !important;}&#8221;][vc_column width=&#8221;1\/6&#8243;][\/vc_column][vc_column width=&#8221;2\/6&#8243;][vc_column_text]<span style=\"color: #ffffff;\"><strong>TECHNOLOGISCHES LABOR \/ LAB. F&amp;E<br \/>\nForschung und Entwicklung sind der Schl\u00fcssel f\u00fcr die Kontinuit\u00e4t unseres Erfolges und die Basis f\u00fcr die typisch italienische Kreativit\u00e4t, die unsere Industriephilosophie inspiriert und vorantreibt.<\/strong><\/span><\/p>\n<p><span style=\"color: #ffffff;\">Unsere Keramikprodukte werden dank einer sorgf\u00e4ltigen und gr\u00fcndlichen Auswahl, Forschung und Umsetzung in den Produktionsprozessen entwickelt: Dieser Weg hat es uns erm\u00f6glicht, ein Produkt mit hohem technischem Anspruch auf den Markt zu bringen, das unbedenklich ist f\u00fcr unsere Gesundheit, einen langen Lebenszyklus hat, wiederverwertet werden kann und auf nicht ersch\u00e4pfbaren Rohmaterialien basiert.<\/span><\/p>\n<p>[\/vc_column_text][\/vc_column][vc_column width=&#8221;2\/6&#8243;][vc_gallery type=&#8221;flexslider_slide&#8221; interval=&#8221;3&#8243; images=&#8221;3423,3427&#8243; img_size=&#8221;full&#8221; onclick=&#8221;&#8221;][\/vc_column][vc_column width=&#8221;1\/6&#8243;][\/vc_column][\/vc_row][vc_row][vc_column][vc_empty_space][\/vc_column][\/vc_row][vc_row full_width=&#8221;stretch_row_content&#8221; css=&#8221;.vc_custom_1625649161430{padding-bottom: 30px !important;}&#8221;][vc_column width=&#8221;1\/6&#8243;][\/vc_column][vc_column width=&#8221;2\/6&#8243;][vc_gallery type=&#8221;flexslider_slide&#8221; interval=&#8221;3&#8243; images=&#8221;3375,3379&#8243; img_size=&#8221;full&#8221; onclick=&#8221;&#8221;][\/vc_column][vc_column width=&#8221;2\/6&#8243;][vc_column_text]<strong>DIE FLIESENPRESSUNG<br \/>\nDie Fliese bekommt Form und Gr\u00f6\u00dfe.<br \/>\n<\/strong><\/p>\n<p>In dieser Phase wird das Tongemisch den hydraulischen Pressen zugef\u00fchrt, die mit einem Druck von 500 kg\/cm2 das feingemahlene Pulver pressen.<\/p>\n<p>W\u00e4hrend der Zuf\u00fchrung in den Presskanal kann man die Farbbreite und die eventuelle Erg\u00e4nzung die K\u00f6rnern und\/oder Splittern des Produktes festlegen.<\/p>\n<p>Die eigentliche Pressung hingegen ist verantwortlich f\u00fcr die Bandbreite der Formate, die wir in Feinsteinzeug in Produktion haben.[\/vc_column_text][\/vc_column][vc_column width=&#8221;1\/6&#8243;][\/vc_column][\/vc_row][vc_row][vc_column width=&#8221;1\/2&#8243;][vc_empty_space][vc_column_text]<\/p>\n<div style=\"width: 940px;\" class=\"wp-video\"><video class=\"wp-video-shortcode\" id=\"video-5778-1\" width=\"940\" height=\"529\" preload=\"metadata\" controls=\"controls\"><source type=\"video\/mp4\" src=\"https:\/\/www.ceramicaopera.it\/wp-content\/uploads\/2021\/07\/video-pressa.mp4?_=1\" \/><a href=\"https:\/\/www.ceramicaopera.it\/wp-content\/uploads\/2021\/07\/video-pressa.mp4\">https:\/\/www.ceramicaopera.it\/wp-content\/uploads\/2021\/07\/video-pressa.mp4<\/a><\/video><\/div>\n<p>[\/vc_column_text][vc_empty_space][\/vc_column][vc_column width=&#8221;1\/2&#8243;][vc_empty_space][vc_column_text]<\/p>\n<div style=\"width: 940px;\" class=\"wp-video\"><video class=\"wp-video-shortcode\" id=\"video-5778-2\" width=\"940\" height=\"529\" preload=\"metadata\" controls=\"controls\"><source type=\"video\/mp4\" src=\"https:\/\/www.ceramicaopera.it\/wp-content\/uploads\/2021\/07\/video-presse.mp4?_=2\" \/><a href=\"https:\/\/www.ceramicaopera.it\/wp-content\/uploads\/2021\/07\/video-presse.mp4\">https:\/\/www.ceramicaopera.it\/wp-content\/uploads\/2021\/07\/video-presse.mp4<\/a><\/video><\/div>\n<p>[\/vc_column_text][vc_empty_space][\/vc_column][\/vc_row][vc_row][vc_column][vc_empty_space][\/vc_column][\/vc_row]<\/p>\n","protected":false},"excerpt":{"rendered":"<p>[vc_row full_width=&#8221;stretch_row_content_no_spaces&#8221;][vc_column][vc_single_image image=&#8221;3287&#8243; img_size=&#8221;full&#8221; alignment=&#8221;center&#8221;][\/vc_column][\/vc_row][vc_row][vc_column width=&#8221;1\/6&#8243;][\/vc_column][vc_column width=&#8221;2\/3&#8243;][vc_empty_space][vc_column_text]OPERA GROUP: eine geschichte von tradition und innovation [\/vc_column_text][vc_empty_space][vc_column_text]Die Opera Group wurde 2003 gegru\u0308ndet und ist derzeit einer der Hauptakteure im italienischen Keramiksektor, der in der Produktion und im Verkauf von keramischen Materialien fu\u0308r B\u00f6den und W\u00e4nde t\u00e4tig ist. Im Laufe der Jahre ist es der Opera Group gelungen, [&hellip;]<\/p>\n","protected":false},"author":1,"featured_media":0,"parent":0,"menu_order":0,"comment_status":"closed","ping_status":"closed","template":"","meta":{"footnotes":""},"class_list":["post-5778","page","type-page","status-publish","hentry"],"_links":{"self":[{"href":"https:\/\/www.ceramicaopera.it\/de\/wp-json\/wp\/v2\/pages\/5778","targetHints":{"allow":["GET"]}}],"collection":[{"href":"https:\/\/www.ceramicaopera.it\/de\/wp-json\/wp\/v2\/pages"}],"about":[{"href":"https:\/\/www.ceramicaopera.it\/de\/wp-json\/wp\/v2\/types\/page"}],"author":[{"embeddable":true,"href":"https:\/\/www.ceramicaopera.it\/de\/wp-json\/wp\/v2\/users\/1"}],"replies":[{"embeddable":true,"href":"https:\/\/www.ceramicaopera.it\/de\/wp-json\/wp\/v2\/comments?post=5778"}],"version-history":[{"count":10,"href":"https:\/\/www.ceramicaopera.it\/de\/wp-json\/wp\/v2\/pages\/5778\/revisions"}],"predecessor-version":[{"id":10426,"href":"https:\/\/www.ceramicaopera.it\/de\/wp-json\/wp\/v2\/pages\/5778\/revisions\/10426"}],"wp:attachment":[{"href":"https:\/\/www.ceramicaopera.it\/de\/wp-json\/wp\/v2\/media?parent=5778"}],"curies":[{"name":"wp","href":"https:\/\/api.w.org\/{rel}","templated":true}]}}