{"id":9392,"date":"2021-05-07T18:12:00","date_gmt":"2021-05-07T16:12:00","guid":{"rendered":"https:\/\/www.ceramicaopera.it\/?page_id=9392"},"modified":"2021-07-28T11:18:11","modified_gmt":"2021-07-28T09:18:11","slug":"privacy-policy","status":"publish","type":"page","link":"https:\/\/www.ceramicaopera.it\/en\/privacy-policy\/","title":{"rendered":"Privacy policy"},"content":{"rendered":"<p>[vc_row][vc_column][vc_column_text]<\/p>\n<h3>INFORMATIVA SUL TRATTAMENTO DEI DATI PERSONALI<\/h3>\n<p>(Art. 13 del Regolamento UE 2016\/679)<\/p>\n<p>Ai sensi dell\u2019art. 13 del Regolamento UE 2016\/679 (di seguito GDPR) in materia di protezione dei dati personali, vi informiamo che i dati personali raccolti, con riferimento ai rapporti contrattuali instaurati o alle semplici richieste di informazioni, formeranno oggetto di trattamento nel rispetto della normativa sopra citata e vi forniamo le seguenti informazioni.<\/p>\n<p>&nbsp;<\/p>\n<h3>DATI PERSONALI RACCOLTI<\/h3>\n<p>I dati personali raccolti, dietro suo libero ed espresso consenso, sono inerenti esclusivamente a:<\/p>\n<p>\u2013 dati identificativi (ad es. nome, cognome, indirizzo, telefono, fax, e-mail, \u2026)<\/p>\n<p>\u2013 dati fiscali (se richiesti a norma di legge, ad es.: codice fiscale, partita iva, \u2026)<\/p>\n<p>&nbsp;<\/p>\n<h3>TITOLARE E RESPONSABILE DEL TRATTAMENTO DEI DATI PERSONALI (13.1 a, b)<\/h3>\n<p>Titolare del trattamento dei dati personali \u00e8 CERAMICA OPERA GROUP S.r.l via martinella 74<\/p>\n<p>MARANELLO \u2013 FRAZ. BELL\u2019ITALIA 41053 (MO) ITALIA. Il ruolo di Responsabile del trattamento dei dati \u00e8 stato conferito a EDMONDO GAGLIARDELLI, che l\u2019interessato pu\u00f2 contattare tramite l\u2019indirizzo di posta elettronica info@ceramicaopera.it oppure telefonicamente al numero 0536\/934911 per l\u2019esercizio dei diritti di cui all\u2019articolo 13.2 lettere b, c, d.<\/p>\n<p>&nbsp;<\/p>\n<h3>FINALIT\u00c0 E MODALIT\u00c0 DEL TRATTAMENTO DEI DATI PERSONALI (13.1 c)<\/h3>\n<p>Le finalit\u00e0 del trattamento dei dati personali sono le seguenti:<\/p>\n<p>1) adempimento degli obblighi di legge connessi al rapporto contrattuale;<\/p>\n<p>2) gestione organizzativa del rapporto contrattuale;<\/p>\n<p>3) soddisfare la richiesta pervenutaci.<\/p>\n<p>I dati personali saranno trattati in forma cartacea, informatizzata e telematica, e inseriti nelle pertinenti banche dati cui potr\u00e0 accedere esclusivamente il titolare e i suoi incaricati. Per quanto riguarda i dati trattati in forma elettronica, si sottolinea che sono state adottate tutte quelle misure di sicurezza appropriate per tutelare i diritti, le libert\u00e0 e i legittimi interessi dell\u2019interessato come da articolo 22.3 del GDPR.<\/p>\n<p>&nbsp;<\/p>\n<h3>EVENTUALI DESTINATARI DEI DATI PERSONALI (13.1 e, f)<\/h3>\n<p>In relazione alle finalit\u00e0 indicate ai punti 1, 2 e 3 del paragrafo precedente, i dati potranno essere comunicati ai seguenti soggetti o alle categorie di soggetti sotto indicati:<\/p>\n<p>\u2013 Studi di commercialisti riconosciuti relativi alla professione di assistenza alle aziende quando la comunicazione \u00e8 dovuta per legge, oppure \u00e8 nell\u2019interesse del soggetto (persona fisica o giuridica);<\/p>\n<p>\u2013 Studi di avvocati riconosciuti relativi alla professione di assistenza alle aziende quando la comunicazione \u00e8 dovuta per legge, regolarmente incaricati a tale forma di trattamento nel pieno rispetto delle misure vigenti, o quando la comunicazione \u00e8 nell\u2019interesse del soggetto.<\/p>\n<p>Il titolare, inoltre, comunica che non intende trasferire i dati a un paese terzo extra UE o a un\u2019organizzazione internazionale extra UE.<\/p>\n<p>&nbsp;<\/p>\n<h3>PERIODO DI CONSERVAZIONE DEI DATI PERSONALI (13.2 a)<\/h3>\n<p>Al termine della prestazione, della fornitura del servizio o della risposta, i dati personali saranno conservati esclusivamente per scopi storici o statistici, in conformit\u00e0 alla legge, ai regolamenti, alla normativa comunitaria e ai codici di deontologia e di buona condotta sottoscritti ai sensi dell\u2019articolo 40 del GDPR, per un periodo come da normativa vigente (di solito 10 anni), oppure, nel caso non siano soggetti ad alcuna legge, per un periodo non superiore a cinque anni. Oltre tale periodo, i dati personali saranno conservati in forma anonima, oppure saranno distrutti.<\/p>\n<p>&nbsp;<\/p>\n<h3>DIRITTI DEGLI INTERESSATI (13.2 b)<\/h3>\n<p>In relazione ai suddetti trattamenti, l\u2019interessato ha il diritto di chiedere l\u2019accesso ai suoi dati personali e la rettifica o la cancellazione degli stessi o la limitazione del trattamento che lo riguarda o di opporsi al loro trattamento, oltre ad avere il diritto alla portabilit\u00e0 dei dati.<\/p>\n<p>&nbsp;<\/p>\n<h3>DIRITTO DI REVOCA DEL CONSENSO (13.2 c)<\/h3>\n<p>Se il trattamento si basa sul consenso, il titolare informa l\u2019interessato che ha il diritto di revocarlo in qualsiasi momento senza pregiudicare la liceit\u00e0 del trattamento basata sul consenso prestato prima della revoca.<\/p>\n<p>&nbsp;<\/p>\n<h3>DIRITTO DI PROPORRE RECLAMO (13.2 d)<\/h3>\n<p>Il titolare informa l\u2019interessato del suo diritto di proporre reclamo a un\u2019autorit\u00e0 di controllo, nel qual caso dovr\u00e0 chiedergli informazioni usando uno dei sistemi sopra indicati per contattarlo.<\/p>\n<p>&nbsp;<\/p>\n<h3>NATURA OBBLIGATORIA O FACOLTATIVA DEL CONFERIMENTO DEI DATI (13.2 e)<\/h3>\n<p>Il conferimento dei dati e il relativo trattamento sono obbligatori in relazione alle finalit\u00e0 relative agli adempimenti di natura fiscale; ne consegue che l\u2019eventuale rifiuto a fornire i dati per tali finalit\u00e0 potr\u00e0 determinare l\u2019impossibilit\u00e0 del titolare del trattamento a dar corso ai rapporti professionali medesimi e agli obblighi di legge. Il conferimento dei dati e il relativo trattamento \u00e8 da ritenersi facoltativo negli altri casi, senza alcuna conseguenza.<\/p>\n<p>&nbsp;<\/p>\n<h3>EVENTUALE ESISTENZA DI UN PROCESSO DECISIONALE AUTOMATIZZATO (13.2 f)<\/h3>\n<p>Il titolare informa l\u2019interessato che in questo sito non esiste un processo decisionale automatizzato, quindi, in particolare, non esiste un sistema di profilazione.<\/p>\n<p>&nbsp;<\/p>\n<h3>SOCIAL NETWORK<\/h3>\n<p>All\u2019interno del presente sito inseriti dei collegamenti ai seguenti siti \u201csocial\u201d: Facebook, Pinterest, LinkedIn e Instagram. I cookie di questi Social Network possono essere rifiutati secondo la procedura indicata da ogni sito.<\/p>\n<p>Pertanto, l\u2019utilizzo di questo sito senza rifiutare quei cookie, implica il consenso dell\u2019utente al trattamento dei propri dati da parte di questi Social Network, limitatamente alle modalit\u00e0 e finalit\u00e0 suindicate. Per consultare l\u2019informativa privacy di queste societ\u00e0 l\u2019utente \u00e8 pregato di visitare i siti pertinenti:<\/p>\n<p>Facebook: <a href=\"https:\/\/www.facebook.com\/about\/privacy\/update\">https:\/\/www.facebook.com\/about\/privacy\/update<\/a><\/p>\n<p>Pinterest: https:\/\/policy.pinterest.com\/it\/privacy-policy<\/p>\n<p>LinkedIn: https:\/\/www.linkedin.com\/legal\/privacy-policy<\/p>\n<p>Instagram: https:\/\/help.instagram.com\/519522125107875<\/p>\n<p>&nbsp;<\/p>\n<h3>COOKIE<\/h3>\n<p>In questo sito non viene fatto uso di cookie di profilazione, cos\u00ec come definiti dal Provvedimento del Garante della Privacy del 8\/5\/2014 \u201cIndividuazione delle modalit\u00e0 semplificate per l\u2019informativa e l\u2019acquisizione del consenso per l\u2019uso dei cookie\u201d, per la trasmissione di informazioni di carattere personale, n\u00e9 vengono utilizzati c.d. cookie persistenti di alcun tipo, ovvero sistemi per il tracciamento degli utenti. L\u2019uso dei cookie tecnici (di sessione, Google Analytics o di funzionalit\u00e0, sempre ex Provvedimento di cui sopra) \u00e8 strettamente limitato alla trasmissione<\/p>\n<p>di identificativi di sessione (costituiti da numeri casuali generati dal server) necessari per consentire la navigazione sicura ed efficiente del sito, (permettendo, ad esempio, di realizzare un acquisto o autenticarsi per accedere ad aree riservate); alla raccolta in forma aggregata di informazioni sul numero degli utenti e su come questi visitano il sito stesso; a permettere all\u2019utente la navigazione in funzione di una serie di criteri selezionati (ad esempio, la lingua, i<\/p>\n<p>prodotti selezionati per l\u2019acquisto) al fine di migliorare il servizio reso allo stesso. L\u2019utilizzo di tali cookie in questo sito evita il ricorso ad altre tecniche informatiche potenzialmente pregiudizievoli per la riservatezza della navigazione degli utenti, e non consente l\u2019acquisizione di dati personali identificativi dell\u2019utente. Per maggiori informazioni, leggere la pagina web: http:\/\/www.ceramicaopera.it\/cookie-policy\/<\/p>\n<p>&nbsp;<\/p>\n<h3>GESTIONE DEI COOKIE TRAMITE LE IMPOSTAZIONI DEL BROWSER<\/h3>\n<p>Tutti i browser permettono di verificare, ed eventualmente bloccare, i cookie che sono presenti sul proprio computer. In alcuni casi per\u00f2, la mancata installazione di un cookie pu\u00f2 comportare l\u2019impossibilit\u00e0 di utilizzare alcune parti del Sito. Riportiamo qui di seguito le modalit\u00e0 offerte dai principali browser per consentire all\u2019utente di manifestare le preferenze in merito all\u2019uso dei cookie:<\/p>\n<p>Internet Explorer: https:\/\/support.microsoft.com\/it-it\/help\/17442\/windows-internet-explorer-delete-manage-cookies#ie=ie-11<\/p>\n<p>Chrome: https:\/\/support.google.com\/chrome\/answer\/95647?hl=it<\/p>\n<p>Mozilla Firefox: https:\/\/support.mozilla.org\/it\/kb\/Gestione%20dei%20cookie<\/p>\n<p>Safari (smartphone): <a href=\"http:\/\/support.apple.com\/kb\/HT1677?viewlocale=it_IT\">http:\/\/support.apple.com\/kb\/HT1677?viewlocale=it_IT<\/a><\/p>\n<p>Per ulteriori informazioni sui cookie visitare il sito: www.allaboutcookies.org<\/p>\n<p>&nbsp;<\/p>\n<h3>INFORMAZIONI LEGALI<\/h3>\n<p><strong>Ragione sociale<\/strong>\u00a0\u00a0\u00a0\u00a0\u00a0\u00a0\u00a0\u00a0\u00a0 CERAMICA OPERA S.R.L.<\/p>\n<p><strong>Sede legale<\/strong>\u00a0\u00a0\u00a0\u00a0 VIA MARTINELLA 74 MARANELLO \u2013 FRAZ. BELL\u2019ITALIA (MO) 41053 &#8211; ITALIA<\/p>\n<p><strong>Partita IVA\u00a0\u00a0\u00a0\u00a0 <\/strong>02860070362<\/p>\n<p><strong>Iscrizione ufficio registro imprese di Modena<\/strong> (CCIAA)<\/p>\n<p><strong>Numero repertorio economico amministrativo<\/strong> (REA) MO &#8211; 337347<\/p>\n<p><strong>Posta elettronica certificata (PEC)<\/strong>\u00a0\u00a0 operagroup@pec.ceramicaopera.it<\/p>\n<p><strong>Eventuale liquidazione in seguito a scioglimento<\/strong>\u00a0 La societ\u00e0 non \u00e8 in stato di liquidazione.<\/p>\n<p><strong>Eventuale stato di societ\u00e0 con unico socio<\/strong> La societ\u00e0 non \u00e8 a socio unico.<\/p>\n<p><strong>Art. 2497-bis C.C. \u2013 Direzione e coordinamento <\/strong>La societ\u00e0 non \u00e8 soggetta al coordinamento da parte di altri enti o societ\u00e0.[\/vc_column_text][\/vc_column][\/vc_row]<\/p>\n","protected":false},"excerpt":{"rendered":"<p>[vc_row][vc_column][vc_column_text] INFORMATIVA SUL TRATTAMENTO DEI DATI PERSONALI (Art. 13 del Regolamento UE 2016\/679) Ai sensi dell\u2019art. 13 del Regolamento UE 2016\/679 (di seguito GDPR) in materia di protezione dei dati personali, vi informiamo che i dati personali raccolti, con riferimento ai rapporti contrattuali instaurati o alle semplici richieste di informazioni, formeranno oggetto di trattamento nel [&hellip;]<\/p>\n","protected":false},"author":1,"featured_media":0,"parent":0,"menu_order":0,"comment_status":"closed","ping_status":"open","template":"","meta":{"footnotes":""},"class_list":["post-9392","page","type-page","status-publish","hentry"],"_links":{"self":[{"href":"https:\/\/www.ceramicaopera.it\/en\/wp-json\/wp\/v2\/pages\/9392","targetHints":{"allow":["GET"]}}],"collection":[{"href":"https:\/\/www.ceramicaopera.it\/en\/wp-json\/wp\/v2\/pages"}],"about":[{"href":"https:\/\/www.ceramicaopera.it\/en\/wp-json\/wp\/v2\/types\/page"}],"author":[{"embeddable":true,"href":"https:\/\/www.ceramicaopera.it\/en\/wp-json\/wp\/v2\/users\/1"}],"replies":[{"embeddable":true,"href":"https:\/\/www.ceramicaopera.it\/en\/wp-json\/wp\/v2\/comments?post=9392"}],"version-history":[{"count":2,"href":"https:\/\/www.ceramicaopera.it\/en\/wp-json\/wp\/v2\/pages\/9392\/revisions"}],"predecessor-version":[{"id":9394,"href":"https:\/\/www.ceramicaopera.it\/en\/wp-json\/wp\/v2\/pages\/9392\/revisions\/9394"}],"wp:attachment":[{"href":"https:\/\/www.ceramicaopera.it\/en\/wp-json\/wp\/v2\/media?parent=9392"}],"curies":[{"name":"wp","href":"https:\/\/api.w.org\/{rel}","templated":true}]}}