{"id":4732,"date":"2021-06-22T13:56:50","date_gmt":"2021-06-22T11:56:50","guid":{"rendered":"https:\/\/www.ceramicaopera.it\/certifications\/"},"modified":"2024-05-06T11:16:39","modified_gmt":"2024-05-06T09:16:39","slug":"certifications","status":"publish","type":"page","link":"https:\/\/www.ceramicaopera.it\/fr\/certifications\/","title":{"rendered":"Certifications"},"content":{"rendered":"<p>[vc_row][vc_column][vc_column_text]<\/p>\n<h2>CERTIFICATIONS<\/h2>\n<p>[\/vc_column_text][vc_empty_space][vc_column_text]Ceramica <strong>OPERA GROUP srl <\/strong>est en mesure de tester les principales caract\u00e9ristiques techniques des mat\u00e9riaux produits dans ses laboratoires, afin de d\u00e9terminer le niveau de performance d\u2019utilisation selon les normes en vigueur.<br \/>\nComme garantie suppl\u00e9mentaire pour le consommateur, <strong>OPERA GROUP srl<\/strong> fait contr\u00f4ler la qualit\u00e9 de ses produits dans les principaux instituts de test internationaux.<\/p>\n<p><strong>QUI CR\u00c9E LES NORMES<\/strong><br \/>\nLa cr\u00e9ation du march\u00e9 unique europ\u00e9en et la mondialisation des \u00e9changes au niveau mondial ont in\u00e9vitablement d\u00e9plac\u00e9 le centre de gravit\u00e9 des r\u00e9glementations vers des zones supranationales. Les organismes responsables de la cr\u00e9ation de normes partag\u00e9es sont nomm\u00e9s ci-dessous:<\/p>\n<ul>\n<li>ISO: Organisation internationale de normalisation (publie les normes ISO valables dans le monde entier)<\/li>\n<li>CEN: Comit\u00e9 Europ\u00e9en de Normalisation (d\u00e9livre les normes EN valables en Europe)<\/li>\n<li>UNI: Organisme national d\u2019unification italien (repr\u00e9sente l\u2019Italie dans les organes supranationaux, reconna\u00eet et publie les normes internationales au niveau national et publie des normes valables au niveau national)<\/li>\n<\/ul>\n<p>Une norme d\u00e9nomm\u00e9e UNI EN ISO signifie qu\u2019elle est mise en oeuvre au niveau europ\u00e9en et italien.<\/p>\n<p>&nbsp;<\/p>\n<p><strong>\u00c0 QUOI SONT LES NORMES<\/strong><\/p>\n<ul>\n<li>Promouvoir la s\u00e9curit\u00e9, la qualit\u00e9 de vie et la conservation de l\u2019environnement en r\u00e9glementant les produits, les processus et les services.<\/li>\n<li>Am\u00e9liorer l\u2019efficacit\u00e9 et l\u2019efficience du syst\u00e8me \u00e9conomique en unifiant les produits, les niveaux de performance, les m\u00e9thodes d\u2019essai et les syst\u00e8mes de contr\u00f4le.<\/li>\n<li>Promouvoir le commerce international en harmonisant les r\u00e8gles et les contr\u00f4les sur les produits et services.<\/li>\n<li>Faciliter la communication en unifiant la terminologie, les symboles, les codes et les interfaces.<\/li>\n<li>Prot\u00e9ger les int\u00e9r\u00eats du consommateur et de la communaut\u00e9.<\/li>\n<\/ul>\n<p>&nbsp;<\/p>\n<p>Tout cela, dans le secteur de la c\u00e9ramique, signifie d\u00e9terminer:<\/p>\n<ul>\n<li>classification des produits<\/li>\n<li>caract\u00e9ristiques que les produits doivent poss\u00e9der par rapport \u00e0 leur utilisation<\/li>\n<li>m\u00e9thodes de mesure et d\u2019essai pour quantifier les diff\u00e9rentes caract\u00e9ristiques<\/li>\n<li>crit\u00e8res d\u2019\u00e9chantillonnage et de contr\u00f4le pour un lot de produits<\/li>\n<li>exigences d\u2019acceptation pour chaque caract\u00e9ristique et pour chaque type de produit<\/li>\n<li>les exigences pour l\u2019identification, la sp\u00e9cification et l\u2019\u00e9tiquetage de chaque type de produit<\/li>\n<\/ul>\n<p>[\/vc_column_text][vc_empty_space][\/vc_column][\/vc_row][vc_row][vc_column][vc_column_text]<\/p>\n<h3>LES NORMES CEN<\/h3>\n<p><strong>(Comit\u00e9 Europ\u00e9en de Normalisation)<\/strong><br \/>\nLes normes CEN EN 14411, bien qu\u2019elles n\u2019aient pas valeur de loi, servent de r\u00e9f\u00e9rence en cas de litige et de contestation. Ces normes sont accept\u00e9es par les pays suivants, membres du CEN: Allemagne, Autriche, Belgique, Danemark, Espagne, Finlande, France, Grande Bretagne, Gr\u00e8ce, Irlande, Islande, Italie, Luxembourg, Malte, Norv\u00e8ge, Pays Bas, Portugal, R\u00e9publique Tch\u00e8que, Su\u00e8de, Suisse. A l\u2019\u00e9chelon international,Opera Group srl est conforme aux normes ISO 13006, reconnues dans la plupart des pays du monde. Ceramica Opera group srl garantit ses produits selon les normes UNI EN 14411 &#8211; ISO 13006.[\/vc_column_text][vc_empty_space][vc_column_text]<\/p>\n<h3><img decoding=\"async\" class=\"alignnone wp-image-1707 size-full\" src=\"https:\/\/www.ceramicaopera.it\/wp-content\/uploads\/2021\/06\/made-in-italy.jpg\" alt=\"\" width=\"200\" \/><\/h3>\n<p><strong>MADE IN ITALY<\/strong><\/p>\n<p>La production de nos produits est enti\u00e8rement fabriqu\u00e9e en Italie, avec des lignes de production continuellement renouvel\u00e9es et agrandies au fil du temps, \u00e9galement pour garantir un respect ponctuel des normes de s\u00e9curit\u00e9 en vigueur. Nous \u00e9crivons avec fiert\u00e9 \u00abMade in Italy\u00bb sur nos carreaux car ils sont synonymes de passion cr\u00e9ative, les valeurs essentielles qui inspirent nos choix et nos activit\u00e9s au quotidien.[\/vc_column_text][vc_empty_space][vc_column_text]<\/p>\n<h3><img decoding=\"async\" class=\"alignnone size-full wp-image-1706\" src=\"https:\/\/www.ceramicaopera.it\/wp-content\/uploads\/2021\/06\/ce.jpg\" alt=\"\" width=\"100\" \/><\/h3>\n<p><strong>MARQUAGE CE<\/strong><\/p>\n<p>La documentation commerciale pertinente peut \u00eatre consult\u00e9e par les distributeurs, les professionnels et les utilisateurs dans la zone de t\u00e9l\u00e9chargement de ce site Internet.<\/p>\n<p>La marque CE est la certification de s\u00e9curit\u00e9 des produits demand\u00e9 par l\u2019Union Europ\u00e9enne ayant comme objectif la protection et la sant\u00e9 des personnes et des biens dans les ouvrages du b\u00e2timents. Nouveaut\u00e9 la plus importante est l\u2019introduction de la D\u00e9claration de Prestation (DOP, Declaration Of Performance) par la quelle le fabricant communique les caract\u00e9ristiques de s\u00e9curit\u00e9 de ses produits.[\/vc_column_text][vc_row_inner css=&#8221;.vc_custom_1624614159024{padding-top: 1em !important;}&#8221;][vc_column_inner width=&#8221;1\/4&#8243;][vc_column_text]<a href=\"https:\/\/www.ceramicaopera.it\/wp-content\/uploads\/2021\/06\/ce-it.pdf\"><img loading=\"lazy\" decoding=\"async\" class=\"alignnone size-full wp-image-1611\" src=\"https:\/\/www.ceramicaopera.it\/wp-content\/uploads\/2021\/06\/icona-download.png\" alt=\"\" width=\"25\" height=\"25\" \/><\/a> <a href=\"https:\/\/www.ceramicaopera.it\/wp-content\/uploads\/2021\/06\/ce-it.pdf\">Declaration of Performance &#8211; Sliperiness Table 01OPR-IT<\/a>[\/vc_column_text][\/vc_column_inner][vc_column_inner width=&#8221;1\/4&#8243;][vc_column_text]<a href=\"https:\/\/www.ceramicaopera.it\/wp-content\/uploads\/2021\/06\/ce-uk.pdf\"><img loading=\"lazy\" decoding=\"async\" class=\"alignnone size-full wp-image-1611\" src=\"https:\/\/www.ceramicaopera.it\/wp-content\/uploads\/2021\/06\/icona-download.png\" alt=\"\" width=\"25\" height=\"25\" \/><\/a> <a href=\"https:\/\/www.ceramicaopera.it\/wp-content\/uploads\/2021\/06\/ce-uk.pdf\">Declaration of Performance &#8211; Sliperiness Table 01OPR-UK<\/a>[\/vc_column_text][\/vc_column_inner][vc_column_inner width=&#8221;1\/4&#8243;][vc_column_text]<a href=\"https:\/\/www.ceramicaopera.it\/wp-content\/uploads\/2021\/06\/ce-de.pdf\"><img loading=\"lazy\" decoding=\"async\" class=\"alignnone wp-image-1611 size-full\" src=\"https:\/\/www.ceramicaopera.it\/wp-content\/uploads\/2021\/06\/icona-download.png\" alt=\"\" width=\"30\" height=\"30\" \/><\/a> <a href=\"https:\/\/www.ceramicaopera.it\/wp-content\/uploads\/2021\/06\/ce-de.pdf\">Declaration of Performance &#8211; Sliperiness Table 01OPR-DE<\/a>[\/vc_column_text][\/vc_column_inner][vc_column_inner width=&#8221;1\/4&#8243;][vc_column_text]<a href=\"https:\/\/www.ceramicaopera.it\/wp-content\/uploads\/2021\/06\/ce-fr.pdf\"><img loading=\"lazy\" decoding=\"async\" class=\"alignnone size-full wp-image-1611\" src=\"https:\/\/www.ceramicaopera.it\/wp-content\/uploads\/2021\/06\/icona-download.png\" alt=\"\" width=\"25\" height=\"25\" \/><\/a> <a href=\"https:\/\/www.ceramicaopera.it\/wp-content\/uploads\/2021\/06\/ce-fr.pdf\">Declaration of Performance &#8211; Sliperiness Table 01OPR-FR<\/a>[\/vc_column_text][\/vc_column_inner][\/vc_row_inner][vc_row_inner css=&#8221;.vc_custom_1624614170695{padding-top: 1em !important;padding-bottom: 1em !important;}&#8221;][vc_column_inner width=&#8221;1\/4&#8243;][vc_column_text]<a href=\"https:\/\/www.ceramicaopera.it\/wp-content\/uploads\/2021\/06\/ce-es.pdf\"><img loading=\"lazy\" decoding=\"async\" class=\"alignnone size-full wp-image-1611\" src=\"https:\/\/www.ceramicaopera.it\/wp-content\/uploads\/2021\/06\/icona-download.png\" alt=\"\" width=\"25\" height=\"25\" \/><\/a> <a href=\"https:\/\/www.ceramicaopera.it\/wp-content\/uploads\/2021\/06\/ce-es.pdf\">Declaration of Performance &#8211; Sliperiness Table 01OPR-ES<\/a>[\/vc_column_text][\/vc_column_inner][vc_column_inner width=&#8221;1\/4&#8243;][vc_column_text]<a href=\"https:\/\/www.ceramicaopera.it\/wp-content\/uploads\/2021\/06\/ce-cz.pdf\"><img loading=\"lazy\" decoding=\"async\" class=\"alignnone size-full wp-image-1611\" src=\"https:\/\/www.ceramicaopera.it\/wp-content\/uploads\/2021\/06\/icona-download.png\" alt=\"\" width=\"25\" height=\"25\" \/><\/a> <a href=\"https:\/\/www.ceramicaopera.it\/wp-content\/uploads\/2021\/06\/ce-cz.pdf\">Declaration of Performance &#8211; Sliperiness Table 01OPR-CZ<\/a>[\/vc_column_text][\/vc_column_inner][vc_column_inner width=&#8221;1\/4&#8243;][vc_column_text]<a href=\"https:\/\/www.ceramicaopera.it\/wp-content\/uploads\/2021\/06\/ce-hu.pdf\"><img loading=\"lazy\" decoding=\"async\" class=\"alignnone size-full wp-image-1611\" src=\"https:\/\/www.ceramicaopera.it\/wp-content\/uploads\/2021\/06\/icona-download.png\" alt=\"\" width=\"25\" height=\"25\" \/><\/a> <a href=\"https:\/\/www.ceramicaopera.it\/wp-content\/uploads\/2021\/06\/ce-hu.pdf\">Declaration of Performance &#8211; Sliperiness Table 01OPR-HU<\/a>[\/vc_column_text][\/vc_column_inner][vc_column_inner width=&#8221;1\/4&#8243;][vc_column_text]<a href=\"https:\/\/www.ceramicaopera.it\/wp-content\/uploads\/2021\/07\/Declaration-of-Performance-%E2%80%93-Sliperiness-Table-01OPR-NO.pdf\"><img loading=\"lazy\" decoding=\"async\" class=\"alignnone size-full wp-image-1611\" src=\"https:\/\/www.ceramicaopera.it\/wp-content\/uploads\/2021\/06\/icona-download.png\" alt=\"\" width=\"25\" height=\"25\" \/> Declaration of Performance &#8211; Sliperiness Table 01OPR-NO<\/a>[\/vc_column_text][\/vc_column_inner][\/vc_row_inner][vc_row_inner][vc_column_inner width=&#8221;1\/4&#8243;][vc_column_text]<a href=\"https:\/\/www.ceramicaopera.it\/wp-content\/uploads\/2021\/06\/ce-pl.pdf\"><img loading=\"lazy\" decoding=\"async\" class=\"alignnone size-full wp-image-1611\" src=\"https:\/\/www.ceramicaopera.it\/wp-content\/uploads\/2021\/06\/icona-download.png\" alt=\"\" width=\"25\" height=\"25\" \/><\/a> <a href=\"https:\/\/www.ceramicaopera.it\/wp-content\/uploads\/2021\/06\/ce-pl.pdf\">Declaration of Performance &#8211; Sliperiness Table 01OPR-PL<\/a>[\/vc_column_text][\/vc_column_inner][vc_column_inner width=&#8221;1\/4&#8243;][vc_column_text]<a href=\"https:\/\/www.ceramicaopera.it\/wp-content\/uploads\/2021\/06\/ce-nl.pdf\" target=\"_blank\" rel=\"noopener\"><img loading=\"lazy\" decoding=\"async\" class=\"alignnone size-full wp-image-1611\" src=\"https:\/\/www.ceramicaopera.it\/wp-content\/uploads\/2021\/06\/icona-download.png\" alt=\"\" width=\"25\" height=\"25\" \/><\/a> <a href=\"https:\/\/www.ceramicaopera.it\/wp-content\/uploads\/2021\/06\/ce-nl.pdf\" target=\"_blank\" rel=\"noopener\">Declaration of Performance &#8211; Sliperiness Table 01OPR-NL<\/a>[\/vc_column_text][\/vc_column_inner][vc_column_inner width=&#8221;1\/4&#8243;][vc_column_text]<a href=\"https:\/\/www.ceramicaopera.it\/wp-content\/uploads\/2021\/06\/ce-sl.pdf\" target=\"_blank\" rel=\"noopener\"><img loading=\"lazy\" decoding=\"async\" class=\"alignnone size-full wp-image-1611\" src=\"https:\/\/www.ceramicaopera.it\/wp-content\/uploads\/2021\/06\/icona-download.png\" alt=\"\" width=\"25\" height=\"25\" \/><\/a> <a href=\"https:\/\/www.ceramicaopera.it\/wp-content\/uploads\/2021\/06\/ce-sl.pdf\" target=\"_blank\" rel=\"noopener\">Declaration of Performance &#8211; Sliperiness Table 01OPR-SL<\/a>[\/vc_column_text][\/vc_column_inner][vc_column_inner width=&#8221;1\/4&#8243;][vc_column_text]<strong><a href=\"https:\/\/www.ceramicaopera.it\/wp-content\/uploads\/2021\/06\/ce-sl.pdf\" target=\"_blank\" rel=\"noopener\"><img loading=\"lazy\" decoding=\"async\" class=\"alignnone size-full wp-image-1611\" src=\"https:\/\/www.ceramicaopera.it\/wp-content\/uploads\/2021\/06\/icona-download.png\" alt=\"\" width=\"25\" height=\"25\" \/><\/a><\/strong>\u00a0<a href=\"https:\/\/www.ceramicaopera.it\/wp-content\/uploads\/2024\/05\/Sliperiness-Table.pdf\">Tableau de glissance<\/a>[\/vc_column_text][\/vc_column_inner][\/vc_row_inner][vc_row_inner][vc_column_inner width=&#8221;1\/4&#8243;][vc_column_text]<a href=\"https:\/\/www.ceramicaopera.it\/wp-content\/uploads\/2021\/06\/ce-pl.pdf\"><img loading=\"lazy\" decoding=\"async\" class=\"alignnone size-full wp-image-1611\" src=\"https:\/\/www.ceramicaopera.it\/wp-content\/uploads\/2021\/06\/icona-download.png\" alt=\"\" width=\"25\" height=\"25\" \/><\/a> <a href=\"https:\/\/www.ceramicaopera.it\/wp-content\/uploads\/2024\/05\/Accompanyng_documents_CE_DE.pdf\">Documents d&#8217;accompagnement CE<\/a><\/p>\n<p><a href=\"https:\/\/www.ceramicaopera.it\/wp-content\/uploads\/2021\/06\/ce-pl.pdf\"><img loading=\"lazy\" decoding=\"async\" class=\"alignnone size-full wp-image-1611\" src=\"https:\/\/www.ceramicaopera.it\/wp-content\/uploads\/2021\/06\/icona-download.png\" alt=\"\" width=\"25\" height=\"25\" \/><\/a> <a href=\"https:\/\/www.ceramicaopera.it\/wp-content\/uploads\/2024\/05\/Accompanyng_documents_CE_DE.pdf\">D\u00e9claration de Performance<\/a>[\/vc_column_text][\/vc_column_inner][\/vc_row_inner][vc_empty_space][vc_separator color=&#8221;custom&#8221; border_width=&#8221;2&#8243; accent_color=&#8221;#69867f&#8221;][vc_empty_space][vc_row_inner css=&#8221;.vc_custom_1625646896378{padding-bottom: 1em !important;}&#8221;][vc_column_inner width=&#8221;1\/4&#8243;][vc_column_text]<a href=\"https:\/\/www.ceramicaopera.it\/wp-content\/uploads\/2021\/07\/Bicottura_Declaration-of-Performance-%E2%80%93-Sliperiness-Table-02OPR-IT.pdf\"><img loading=\"lazy\" decoding=\"async\" class=\"alignnone size-full wp-image-1611\" src=\"https:\/\/www.ceramicaopera.it\/wp-content\/uploads\/2021\/06\/icona-download.png\" alt=\"\" width=\"25\" height=\"25\" \/> Bicottura_Declaration of Performance \u2013 Sliperiness Table 02OPR-IT<\/a>[\/vc_column_text][\/vc_column_inner][vc_column_inner width=&#8221;1\/4&#8243;][vc_column_text]<\/p>\n<p data-wp-editing=\"1\"><a href=\"https:\/\/www.ceramicaopera.it\/wp-content\/uploads\/2021\/07\/Bicottura_Declaration-of-Performance-%E2%80%93-Sliperiness-Table-02OPR-UK.pdf\"><img loading=\"lazy\" decoding=\"async\" class=\"alignnone size-full wp-image-1611\" src=\"https:\/\/www.ceramicaopera.it\/wp-content\/uploads\/2021\/06\/icona-download.png\" alt=\"\" width=\"25\" height=\"25\" \/> Bicottura_Declaration of Performance \u2013 Sliperiness Table 02OPR-UK<\/a><\/p>\n<p>[\/vc_column_text][\/vc_column_inner][vc_column_inner width=&#8221;1\/4&#8243;][vc_column_text]<a href=\"https:\/\/www.ceramicaopera.it\/wp-content\/uploads\/2021\/07\/Bicottura_Declaration-of-Performance-%E2%80%93-Sliperiness-Table-02OPR-DE.pdf\"><img loading=\"lazy\" decoding=\"async\" class=\"alignnone size-full wp-image-1611\" src=\"https:\/\/www.ceramicaopera.it\/wp-content\/uploads\/2021\/06\/icona-download.png\" alt=\"\" width=\"25\" height=\"25\" \/> Bicottura_Declaration of Performance \u2013 Sliperiness Table 02OPR-DE<\/a>[\/vc_column_text][\/vc_column_inner][vc_column_inner width=&#8221;1\/4&#8243;][vc_column_text]<a href=\"https:\/\/www.ceramicaopera.it\/wp-content\/uploads\/2021\/07\/Bicottura_Declaration-of-Performance-%E2%80%93-Sliperiness-Table-02OPR-FR.pdf\"><img loading=\"lazy\" decoding=\"async\" class=\"alignnone size-full wp-image-1611\" src=\"https:\/\/www.ceramicaopera.it\/wp-content\/uploads\/2021\/06\/icona-download.png\" alt=\"\" width=\"25\" height=\"25\" \/> Bicottura_Declaration of Performance \u2013 Sliperiness Table 02OPR-FR<\/a>[\/vc_column_text][\/vc_column_inner][\/vc_row_inner][vc_row_inner][vc_column_inner width=&#8221;1\/4&#8243;][vc_column_text]<a href=\"https:\/\/www.ceramicaopera.it\/wp-content\/uploads\/2021\/07\/Bicottura_Declaration-of-Performance-%E2%80%93-Sliperiness-Table-02OPR-SL.pdf\"><img loading=\"lazy\" decoding=\"async\" class=\"alignnone size-full wp-image-1611\" src=\"https:\/\/www.ceramicaopera.it\/wp-content\/uploads\/2021\/06\/icona-download.png\" alt=\"\" width=\"25\" height=\"25\" \/> Bicottura_Declaration of Performance \u2013 Sliperiness Table 02OPR-SL<\/a>[\/vc_column_text][\/vc_column_inner][vc_column_inner width=&#8221;1\/4&#8243;][\/vc_column_inner][vc_column_inner width=&#8221;1\/4&#8243;][\/vc_column_inner][vc_column_inner width=&#8221;1\/4&#8243;][\/vc_column_inner][\/vc_row_inner][vc_empty_space][vc_column_text]<img decoding=\"async\" class=\"alignnone size-full wp-image-1704\" src=\"https:\/\/www.ceramicaopera.it\/wp-content\/uploads\/2021\/06\/qb.jpg\" alt=\"\" width=\"180\" \/><\/p>\n<p><strong>UPEC<\/strong> est la marque de qualit\u00e9 technique fran\u00e7aise, une certification de produit d\u00e9livr\u00e9e par l\u2019institut fran\u00e7ais du CSTB pour garantir l\u2019ad\u00e9quation d\u2019un produit aux diff\u00e9rentes utilisations pr\u00e9vues. En effet, chaque environnement implique diff\u00e9rents types et degr\u00e9s de contraintes et chaque rev\u00eatement obtient des scores diff\u00e9rents en termes de r\u00e9sistance \u00e0 l\u2019usure du pi\u00e9tinement (U), aux contraintes m\u00e9caniques (P), \u00e0 la pr\u00e9sence d\u2019eau (E) et aux produits chimiques (C ). La liste compl\u00e8te des produits certifi\u00e9s Opera Group srl est disponible sur le site officiel du CSTB.<br \/>\nPour plus d\u2019informations https:\/\/evaluation.cstb.fr<\/p>\n<p>[\/vc_column_text][vc_empty_space][vc_column_text]<strong><img decoding=\"async\" class=\"alignnone size-full wp-image-1703\" src=\"https:\/\/www.ceramicaopera.it\/wp-content\/uploads\/2021\/06\/ccc.jpg\" alt=\"\" width=\"100\" \/><\/strong><\/p>\n<p><strong>CCC<\/strong> \u2013 China Compulso &#8211; ry Certification est la certification de produit pour la vente de carreaux en gr\u00e8s c\u00e9rame sur la totalit\u00e9 du march\u00e9 chinois. La certification CCC porte sur des pr\u00e9requis inh\u00e9rents \u00e0 la s\u00e9curit\u00e9 et \u00e0 la sant\u00e9 du consommateur, elle ne peut \u00eatre d\u00e9livr\u00e9e que par des instituts accr\u00e9dit\u00e9s par les Autorit\u00e9s chinoises.<br \/>\nPour plus d\u2019informations: <a href=\"http:\/\/www.ctc.ac.cn\/\">www.ctc.ac.cn<\/a>[\/vc_column_text][vc_empty_space][vc_column_text]<strong><img decoding=\"async\" class=\"alignnone size-full wp-image-1702\" src=\"https:\/\/www.ceramicaopera.it\/wp-content\/uploads\/2021\/06\/A.jpg\" alt=\"\" width=\"180\" \/><\/strong><\/p>\n<p><strong>VOC &#8211; COV<\/strong><br \/>\nLa pr\u00e9occupation majeure de ces derni\u00e8res ann\u00e9es est l\u2019impact des produits sur l\u2019environnement mais aussi sur la sant\u00e9 humaine. La pollution de l\u2019air int\u00e9rieur est un th\u00e8me r\u00e9current que tous les acteurs du b\u00e2timent doivent d\u00e9sormais prendre en compte.<br \/>\nDepuis quelques ann\u00e9es, est apparu sur les produits de d\u00e9coration int\u00e9rieure un \u00e9tiquetage environnemental. Cet \u00e9tiquetage permet d\u2019\u00e9valuer le niveau de pollution de l\u2019air int\u00e9rieur qu\u2019est susceptible d\u2019apporter un produit donn\u00e9.<br \/>\nSous cet \u00e9tiquetage, se cachent, entre autres, les COV ou Compos\u00e9s Organiques Volatils. Ces produits sont facilement volatils et se retrouvent essentiellement dans les mat\u00e9riaux \u00e0 base de solvants (ex : peintures, adh\u00e9sifs, traitement du bois, \u2026)<br \/>\nLes carreaux c\u00e9ramiques, de par leur constitution ne contiennent pas de COV : les c\u00e9ramiques sont issues de la chimie min\u00e9rale (et non la chimie organique) et la cuisson \u00e0 plus de 1 200 \u00b0C implique la destruction totale de tous les produits organiques et en particulier des COV. C\u2019est pourquoi, les carreaux c\u00e9ramiques ont un \u00e9tiquetage A+ car aucune substance toxique n\u2019est \u00e9mise dans l\u2019air ambiant par les carreaux.[\/vc_column_text][vc_empty_space][vc_column_text]<\/p>\n<h2>PROGRAMMES D&#8217;EXPORTATION<\/h2>\n<p><strong>Programmes d&#8217;\u00e9valuation de la conformit\u00e9 (CAP)<\/strong><\/p>\n<p><strong>Exporter au Kowe\u00eft<\/strong><\/p>\n<p>Syst\u00e8me d&#8217;assurance de la conformit\u00e9 du Kowe\u00eft (KUCAS)<br \/>\nUn programme obligatoire de v\u00e9rification de la conformit\u00e9 de produits sp\u00e9cifiques, r\u00e9glement\u00e9s est \u00e9tabli par les autorit\u00e9s kowe\u00eftiennes (Public Authority for Industry of the State of Kuwait &#8211; PAI).<br \/>\nLa certification atteste la conformit\u00e9 des produits import\u00e9s aux normes obligatoires du Kowe\u00eft.<br \/>\nLe processus de certification d&#8217;Intertek est divis\u00e9 en deux phases:<\/p>\n<ol>\n<li>V\u00e9rification du produit &#8211; Rapport d&#8217;\u00e9valuation technique<\/li>\n<li>V\u00e9rification de l&#8217;exp\u00e9dition &#8211; Rapport d&#8217;inspection technique<\/li>\n<\/ol>\n<p><strong>Exporter vers l&#8217;Arabie Saoudite<\/strong><\/p>\n<p>L&#8217;Organisation saoudienne de normalisation, de m\u00e9trologie et de qualit\u00e9 (SASO) a mis en place le programme de s\u00e9curit\u00e9 des produits (SALEEM) pour la certification en ligne des exportations pour l&#8217;Arabie saoudite.<br \/>\nL&#8217;\u00e9valuation de la conformit\u00e9 des produits norm\u00e9s par ces r\u00e8glementations techniques, d\u00e9nomm\u00e9s produits r\u00e9glement\u00e9s, est un processus divis\u00e9 en deux phases:<\/p>\n<ol>\n<li>\u00c9tape 1 : Octroi de la Certification de Conformit\u00e9 du Produit (PCoC)<\/li>\n<li>\u00c9tape 2 : Octroi du certificat de conformit\u00e9 d&#8217;exp\u00e9dition (SCoC)<\/li>\n<\/ol>\n<p><strong>Exporter vers le Nig\u00e9ria<\/strong><\/p>\n<p>Programme d&#8217;\u00e9valuation de la conformit\u00e9 SON pour exporter au Nigeria (SONCAP)[\/vc_column_text][\/vc_column][\/vc_row]<\/p>\n","protected":false},"excerpt":{"rendered":"<p>[vc_row][vc_column][vc_column_text] CERTIFICATIONS [\/vc_column_text][vc_empty_space][vc_column_text]Ceramica OPERA GROUP srl est en mesure de tester les principales caract\u00e9ristiques techniques des mat\u00e9riaux produits dans ses laboratoires, afin de d\u00e9terminer le niveau de performance d\u2019utilisation selon les normes en vigueur. Comme garantie suppl\u00e9mentaire pour le consommateur, OPERA GROUP srl fait contr\u00f4ler la qualit\u00e9 de ses produits dans les principaux instituts de [&hellip;]<\/p>\n","protected":false},"author":1,"featured_media":0,"parent":0,"menu_order":0,"comment_status":"closed","ping_status":"closed","template":"","meta":{"footnotes":""},"class_list":["post-4732","page","type-page","status-publish","hentry"],"_links":{"self":[{"href":"https:\/\/www.ceramicaopera.it\/fr\/wp-json\/wp\/v2\/pages\/4732","targetHints":{"allow":["GET"]}}],"collection":[{"href":"https:\/\/www.ceramicaopera.it\/fr\/wp-json\/wp\/v2\/pages"}],"about":[{"href":"https:\/\/www.ceramicaopera.it\/fr\/wp-json\/wp\/v2\/types\/page"}],"author":[{"embeddable":true,"href":"https:\/\/www.ceramicaopera.it\/fr\/wp-json\/wp\/v2\/users\/1"}],"replies":[{"embeddable":true,"href":"https:\/\/www.ceramicaopera.it\/fr\/wp-json\/wp\/v2\/comments?post=4732"}],"version-history":[{"count":16,"href":"https:\/\/www.ceramicaopera.it\/fr\/wp-json\/wp\/v2\/pages\/4732\/revisions"}],"predecessor-version":[{"id":10502,"href":"https:\/\/www.ceramicaopera.it\/fr\/wp-json\/wp\/v2\/pages\/4732\/revisions\/10502"}],"wp:attachment":[{"href":"https:\/\/www.ceramicaopera.it\/fr\/wp-json\/wp\/v2\/media?parent=4732"}],"curies":[{"name":"wp","href":"https:\/\/api.w.org\/{rel}","templated":true}]}}