{"id":4762,"date":"2021-06-28T12:30:23","date_gmt":"2021-06-28T10:30:23","guid":{"rendered":"https:\/\/www.ceramicaopera.it\/green\/"},"modified":"2021-07-26T15:24:25","modified_gmt":"2021-07-26T13:24:25","slug":"green","status":"publish","type":"page","link":"https:\/\/www.ceramicaopera.it\/fr\/green\/","title":{"rendered":"Green"},"content":{"rendered":"<p>[vc_row full_width=&#8221;stretch_row_content_no_spaces&#8221; css=&#8221;.vc_custom_1625221318005{margin-top: 0px !important;padding-top: 0px !important;}&#8221;][vc_column css=&#8221;.vc_custom_1625221333589{margin-top: 0px !important;padding-top: 0px !important;}&#8221;][vc_single_image image=&#8221;2738&#8243; img_size=&#8221;full&#8221; alignment=&#8221;center&#8221;][\/vc_column][\/vc_row][vc_row css=&#8221;.vc_custom_1625221122777{margin-top: 0px !important;padding-top: 0px !important;}&#8221;][vc_column][vc_column_text]<\/p>\n<h2>GREEN<\/h2>\n<h3>QUALIT\u00c9, ENVIRONNEMENT ET S\u00c9CURIT\u00c9 GR\u00dcN<\/h3>\n<p>[\/vc_column_text][vc_empty_space][vc_column_text]<\/p>\n<blockquote><p><em>La culture de la mati\u00e8re, c&#8217;est penser l&#8217;environnement comme le cadre de toutes nos actions : du choix des mati\u00e8res, \u00e0 la production, au cycle de vie du produit apr\u00e8s vente, \u00e0 l&#8217;\u00e9limination et au recyclage.<\/em><\/p><\/blockquote>\n<p>[\/vc_column_text][vc_empty_space][vc_column_text]Croissance durable pour la production de carreaux \u00e9cologiques | \u00c9conomie d\u2019\u00e9nergie et recyclage pour une croissance responsable Opera Group srl a toujours cru en la possibilit\u00e9 de faire des affaires dans le respect des valeurs \u00e9thiques, des personnes et de l\u2019environnement.<br \/>\nUne entreprise de pointe doit en effet penser vert et agir de mani\u00e8re responsable, en minimisant son impact environnemental, en cr\u00e9ant des carreaux de mani\u00e8re \u00e9cologique et durable et en aidant le consommateur \u00e0 faire des choix d\u2019achat \u00e9clair\u00e9s.<br \/>\nPour am\u00e9liorer la durabilit\u00e9 de ses processus de production, Opera Group srl investit dans de nouvelles technologies de pointe et accorde une attention maximale au recyclage et aux \u00e9conomies d\u2019\u00e9nergie.<br \/>\nLa cr\u00e9ation d\u2019un Syst\u00e8me de Management Environnemental repr\u00e9sente une \u00e9tape importante, une prise de responsabilit\u00e9 volontaire pour traduire sa Mission Verte en actions concr\u00e8tes et tangibles. Attentif \u00e0 la probl\u00e9matique environnementale, Opera Group srl a d\u00e9cid\u00e9 de relever ce nouveau d\u00e9fi et a d\u00e9fini, de mani\u00e8re claire et transparente, ses valeurs et objectifs environnementaux, s\u2019engageant dans un suivi et une am\u00e9lioration constants de ses processus op\u00e9rationnels.[\/vc_column_text][vc_empty_space][vc_column_text]<strong>AIA<\/strong> Autorisation environnementale int\u00e9gr\u00e9e<\/p>\n<p><strong>IPPC<\/strong> Pr\u00e9vention int\u00e9gr\u00e9e de la pollution<br \/>\nContr\u00f4le et pr\u00e9vention int\u00e9gr\u00e9s de la pollution. Cette approche a \u00e9t\u00e9 introduite avec la directive 96\/61 \/ CE du 24 novembre 1996, \u00e9galement appel\u00e9e \u00abdirective IPPC\u00bb<\/p>\n<p><strong>Des d\u00e9chets industriels crus et cuits valoris\u00e9s<\/strong><br \/>\nLes d\u00e9chets bruts sont r\u00e9utilis\u00e9s pour la pr\u00e9paration de nouvelles p\u00e2tes. Les d\u00e9chets cuits sont au contraire confi\u00e9s \u00e0 des soci\u00e9t\u00e9s tierces pour \u00eatre utilis\u00e9s comme fondations routi\u00e8res ou remblais ferroviaires.<\/p>\n<p><strong>D\u2019emballages recyclables<\/strong><br \/>\nPour respecter l\u2019environnement et sauvegarder les for\u00eats, Opera Group srl proc\u00e8de \u00e0 la collecte s\u00e9par\u00e9e de 98% de ses d\u00e9chets et utilise uniquement des emballages recyclables, des palettes conformes aux normes FAO ISPM 15 et du papier certifi\u00e9 FSC.<br \/>\nLes d\u00e9chets d\u2019emballages en papier et carton (cer 150101) et en plastique r\u00e9tractable (cer 150102) qui sont \u00e9vacu\u00e9s par des entreprises agr\u00e9\u00e9es, sont envoy\u00e9s vers des op\u00e9rations de valorisation et de recyclage pour \u00eatre transform\u00e9s et recycl\u00e9s.<\/p>\n<p><strong>Des eaux<\/strong><br \/>\nOpera group srl dispose d\u2019un circuit d\u2019eau de process, qui est purifi\u00e9 et r\u00e9utilis\u00e9 dans le processus de production lui-m\u00eame, nous livrons l\u2019eau industrielle \u00e0 l\u2019ext\u00e9rieur apr\u00e8s qu\u2019elle a \u00e9t\u00e9 r\u00e9utilis\u00e9e en interne. Ceux-ci sont recycl\u00e9s dans d\u2019autres processus de production.<\/p>\n<p><strong>Puissance<\/strong><br \/>\nUn investissement constant en recherche et d\u00e9veloppement nous permet d\u2019optimiser les besoins \u00e9nerg\u00e9tiques de nos lignes de production.<br \/>\nL\u2019ENERGIE THERMIQUE utilis\u00e9e dans le proc\u00e9d\u00e9 est g\u00e9n\u00e9ralement obtenue en br\u00fblant du gaz naturel dont l\u2019oxydation produit des \u00e9missions de dioxyde de carbone. Le s\u00e9chage et la cuisson peuvent \u00eatre consid\u00e9r\u00e9s comme les principaux responsables des \u00e9missions de CO2.<\/p>\n<p><strong>\u00c9missions de CO2<\/strong><br \/>\nNotre entreprise se concentre aujourd\u2019hui principalement sur la r\u00e9duction des \u00e9missions de CO2 pendant les phases de production. Un produit respectueux de l\u2019environnement tout au long de son cycle de vie, depuis l\u2019extraction des mati\u00e8res premi\u00e8res, le s\u00e9chage, la cuisson, en passant par la production et la distribution, jusqu\u2019\u00e0 l\u2019\u00e9limination.<br \/>\nLES RESSOURCES NATURELLES utilis\u00e9es sont le sable, le feldspath et l\u2019argile. Plus de 50% de ces mat\u00e9riaux proviennent de pays \u00e9trangers, 35% voyagent par route, 51% par mer et 14% par chemin de fer. [gCO2 \/ Km] [gCO2\/Km]<\/p>\n<p>&nbsp;<\/p>\n<p><a href=\"https:\/\/www.ceramicaopera.it\/wp-content\/uploads\/2021\/07\/Politica-ambientale_OperaGroup.pdf\">T\u00c9L\u00c9CHARGER NOTRE POLITIQUE D\u2019ENTREPRISE<\/a>[\/vc_column_text][vc_empty_space][vc_column_text]<strong>EN 481 SANT\u00c9 ET S\u00c9CURIT\u00c9 AU TRAVAIL <\/strong><\/p>\n<p>La d\u00e9coupe \u00e0 l&#8217;eau ou la m\u00e9thode de gravure et de fendage est recommand\u00e9e pour les op\u00e9rations de pose. \u00c9viter la d\u00e9coupe \u00e0 sec avec des outils motoris\u00e9s lors des op\u00e9rations d&#8217;installation. Des techniques d&#8217;installation inappropri\u00e9es peuvent exposer l&#8217;installateur \u00e0 des poussi\u00e8res nocives.<\/p>\n<p><a href=\"https:\/\/www.ceramicaopera.it\/wp-content\/uploads\/2021\/07\/MDSD_Opera-Group-Srl-IT.pdf\">T\u00c8L\u00c9CHARGER MDSD<\/a>[\/vc_column_text][\/vc_column][\/vc_row][vc_row full_width=&#8221;stretch_row_content_no_spaces&#8221;][vc_column][\/vc_column][\/vc_row]<\/p>\n","protected":false},"excerpt":{"rendered":"<p>[vc_row full_width=&#8221;stretch_row_content_no_spaces&#8221; css=&#8221;.vc_custom_1625221318005{margin-top: 0px !important;padding-top: 0px !important;}&#8221;][vc_column css=&#8221;.vc_custom_1625221333589{margin-top: 0px !important;padding-top: 0px !important;}&#8221;][vc_single_image image=&#8221;2738&#8243; img_size=&#8221;full&#8221; alignment=&#8221;center&#8221;][\/vc_column][\/vc_row][vc_row css=&#8221;.vc_custom_1625221122777{margin-top: 0px !important;padding-top: 0px !important;}&#8221;][vc_column][vc_column_text] GREEN QUALIT\u00c9, ENVIRONNEMENT ET S\u00c9CURIT\u00c9 GR\u00dcN [\/vc_column_text][vc_empty_space][vc_column_text] La culture de la mati\u00e8re, c&#8217;est penser l&#8217;environnement comme le cadre de toutes nos actions : du choix des mati\u00e8res, \u00e0 la production, au cycle de vie du [&hellip;]<\/p>\n","protected":false},"author":1,"featured_media":0,"parent":0,"menu_order":0,"comment_status":"closed","ping_status":"closed","template":"","meta":{"footnotes":""},"class_list":["post-4762","page","type-page","status-publish","hentry"],"_links":{"self":[{"href":"https:\/\/www.ceramicaopera.it\/fr\/wp-json\/wp\/v2\/pages\/4762","targetHints":{"allow":["GET"]}}],"collection":[{"href":"https:\/\/www.ceramicaopera.it\/fr\/wp-json\/wp\/v2\/pages"}],"about":[{"href":"https:\/\/www.ceramicaopera.it\/fr\/wp-json\/wp\/v2\/types\/page"}],"author":[{"embeddable":true,"href":"https:\/\/www.ceramicaopera.it\/fr\/wp-json\/wp\/v2\/users\/1"}],"replies":[{"embeddable":true,"href":"https:\/\/www.ceramicaopera.it\/fr\/wp-json\/wp\/v2\/comments?post=4762"}],"version-history":[{"count":19,"href":"https:\/\/www.ceramicaopera.it\/fr\/wp-json\/wp\/v2\/pages\/4762\/revisions"}],"predecessor-version":[{"id":4804,"href":"https:\/\/www.ceramicaopera.it\/fr\/wp-json\/wp\/v2\/pages\/4762\/revisions\/4804"}],"wp:attachment":[{"href":"https:\/\/www.ceramicaopera.it\/fr\/wp-json\/wp\/v2\/media?parent=4762"}],"curies":[{"name":"wp","href":"https:\/\/api.w.org\/{rel}","templated":true}]}}