{"id":4770,"date":"2021-05-27T10:33:30","date_gmt":"2021-05-27T08:33:30","guid":{"rendered":"https:\/\/www.ceramicaopera.it\/entreprise\/"},"modified":"2023-08-07T15:11:03","modified_gmt":"2023-08-07T13:11:03","slug":"entreprise","status":"publish","type":"page","link":"https:\/\/www.ceramicaopera.it\/fr\/entreprise\/","title":{"rendered":"ENTREPRISE: une histoire de tradition et d\u2019innovation"},"content":{"rendered":"<p>[vc_row full_width=&#8221;stretch_row_content_no_spaces&#8221;][vc_column][vc_single_image image=&#8221;3286&#8243; img_size=&#8221;full&#8221; alignment=&#8221;center&#8221;][\/vc_column][\/vc_row][vc_row][vc_column width=&#8221;1\/6&#8243;][\/vc_column][vc_column width=&#8221;2\/3&#8243;][vc_empty_space][vc_column_text]<\/p>\n<h2>GROUPE OPERA<\/h2>\n<p>[\/vc_column_text][vc_empty_space][vc_column_text]Opera Group a \u00e9t\u00e9 fond\u00e9 en 2003 et est actuellement l\u2019un des principaux op\u00e9rateurs du secteur italien de la c\u00e9ramique, actif dans la production et la vente de mat\u00e9riaux c\u00e9ramiques pour sols et murs. Au fil des ann\u00e9es, Opera Group a su diversifier les pays vers lesquels il exporte, p\u00e9n\u00e9trant de nouveaux march\u00e9s en Europe de l\u2019Ouest, Europe de l\u2019Est, Moyen-Orient, USA, consolidant sa pr\u00e9sence \u00e0 l\u2019\u00e9tranger en suivant et en fid\u00e9lisant sa client\u00e8le. Opera met en oeuvre l\u2019un des plans d\u2019investissement les plus importants dans le district de la c\u00e9ramique italienne des 20 derni\u00e8res ann\u00e9es. La transformation technologique et structurelle du complexe de l\u2019entreprise a permis de remettre en jeu la structure de production pr\u00e9existante et de la rendre comp\u00e9titive au niveau europ\u00e9en et mondial, en lan\u00e7ant un processus distinctif de refonte du portefeuille de produits en termes de gammes et de formats .[\/vc_column_text][vc_column_text][\/vc_column_text][vc_empty_space][\/vc_column][vc_column width=&#8221;1\/6&#8243;][\/vc_column][\/vc_row][vc_row][vc_column width=&#8221;1\/6&#8243;][\/vc_column][vc_column width=&#8221;2\/3&#8243;][vc_single_image image=&#8221;3434&#8243; img_size=&#8221;full&#8221; alignment=&#8221;center&#8221;][vc_empty_space][vc_column_text]Le <strong>groupe exporte 80%<\/strong> de son chiffre d&#8217;affaires.<br \/>\nSuite \u00e0 une r\u00e9orientation de la distribution, ces derni\u00e8res ann\u00e9es, de nouvelles relations commerciales ont \u00e9t\u00e9 initi\u00e9es, des contrats internationaux ont \u00e9t\u00e9 conclus et de nouvelles fournitures sur des march\u00e9s tels que les march\u00e9s australien, russe, central et nord-africain ont \u00e9t\u00e9 entreprises.[\/vc_column_text][vc_empty_space][\/vc_column][vc_column width=&#8221;1\/6&#8243;][\/vc_column][\/vc_row][vc_row full_width=&#8221;stretch_row_content&#8221; css=&#8221;.vc_custom_1625233504470{padding-bottom: 30px !important;background-color: #69867f !important;}&#8221;][vc_column width=&#8221;1\/6&#8243;][\/vc_column][vc_column width=&#8221;2\/6&#8243;][vc_custom_heading text=&#8221;QUALIT\u00c9 ET DESIGN&#8221; font_container=&#8221;tag:h2|text_align:left|color:%23ffffff&#8221; use_theme_fonts=&#8221;yes&#8221;][vc_column_text]<span style=\"color: #ffffff;\">La qualit\u00e9 chez Opera progresse grace \u00e0 la mise en place de particuli\u00e8re attention au processus de production et au syst\u00e8me op\u00e9rationnel adopt\u00e9s par rapport au pass\u00e9.<\/span><br \/>\n<span style=\"color: #ffffff;\">Suivant les nouveaux principes r\u00e9glementaires et en \u00e9tant attentif aux caract\u00e9ristiques techniques\/qualitatives requises par les produits, la qualit\u00e9 signifie d\u00e9sormais \u00ab am\u00e9lioration constante des processus d\u2019entreprises \u00bb. Nous sommes pass\u00e9s d&#8217;un syst\u00e8me bas\u00e9 sur l&#8217;inspection ponctuelle et le contr\u00f4le du produit final \u00e0 un syst\u00e8me gestionnel int\u00e9gr\u00e9 impliquant tout le personnel, la planification et documentation suivie de l&#8217;activit\u00e9 et une attitude visant \u00e0 la constante amelioration, et qui repr\u00e9sente aujourd\u2019hui le pilier d\u2019un nouveau mod\u00e8le de gestion de production.<\/span><br \/>\n<span style=\"color: #ffffff;\">La qualit\u00e9 devient une v\u00e9ritable strat\u00e9gie comp\u00e9titive inscrite dans la mission de l&#8217;entreprise et donc un objectif et non plus un simple moyen de production.<\/span>[\/vc_column_text][vc_empty_space][\/vc_column][vc_column width=&#8221;2\/6&#8243;][vc_single_image image=&#8221;3430&#8243; img_size=&#8221;full&#8221; alignment=&#8221;center&#8221;][\/vc_column][vc_column width=&#8221;1\/6&#8243;][\/vc_column][\/vc_row][vc_row full_width=&#8221;stretch_row_content&#8221;][vc_column width=&#8221;1\/6&#8243;][\/vc_column][vc_column width=&#8221;2\/6&#8243;][vc_single_image image=&#8221;4775&#8243; img_size=&#8221;full&#8221; alignment=&#8221;center&#8221;][\/vc_column][vc_column width=&#8221;2\/6&#8243;][vc_custom_heading text=&#8221;RECHERCHE ET D\u00c9VELOPPEMENT&#8221; use_theme_fonts=&#8221;yes&#8221;][vc_custom_heading text=&#8221;Chez Opera, la recherche &amp; d\u00e9veloppement sont principalement base sur l\u2019application et les prototypes.&#8221; font_container=&#8221;tag:h3|text_align:left&#8221; use_theme_fonts=&#8221;yes&#8221;][vc_column_text]Chez Opera, nous \u00e9tudions comment utiliser les principes actifs et les mati\u00e8res disponibles pour d\u00e9marrer ou d\u00e9finir de nouvelles m\u00e9thodologies, en qu\u00eate constante d&#8217;optimisation et de standardisation des co\u00fbts de production. Tout cela sans perdre de vue les exigences d\u2019 un march\u00e9 qualifi\u00e9.<br \/>\nLa mission de notre laboratoire est la recherche et la s\u00e9lection des propositions techniques et de design, ainsi que la recherche sur les possibilit\u00e9s d\u2019application de mati\u00e8res premi\u00e8res sp\u00e9cifiques aux cycles de production.<\/p>\n<p>L&#8217;innovation continue dans la composition des mati\u00e8res premi\u00e8res, l&#8217;attention \u00e0 la mise \u00e0 jour des machines install\u00e9es, la s\u00e9lection de personnel qualifi\u00e9 et l&#8217;organisation efficace logistique et productive, ont permis \u00e0 Opera d&#8217;am\u00e9liorer ses r\u00e9sultats dans la remaniement constant de la production massive, flexibilit\u00e9 de production, qualit\u00e9 esth\u00e9tique, comp\u00e9titivit\u00e9 de son offre.<br \/>\nLe laboratoire interne effectue un suivi permanent des performances des mati\u00e8res choisies:<br \/>\n\u00e9valuation des d\u00e9fauts et d\u00e9t\u00e9rioration des mati\u00e8res utilis\u00e9es; analyse des donn\u00e9es de d\u00e9faillance des produits, test de determination des causes des probl\u00e8mes et d\u00e9veloppement, planification et \u00e9valuation des solutions artistiques.[\/vc_column_text][\/vc_column][vc_column width=&#8221;1\/6&#8243;][\/vc_column][\/vc_row][vc_row][vc_column][vc_empty_space][\/vc_column][\/vc_row][vc_row full_width=&#8221;stretch_row_content_no_spaces&#8221;][vc_column][vc_single_image image=&#8221;3247&#8243; img_size=&#8221;full&#8221;][vc_empty_space][\/vc_column][\/vc_row][vc_row full_width=&#8221;stretch_row_content&#8221;][vc_column width=&#8221;1\/6&#8243;][\/vc_column][vc_column width=&#8221;1\/3&#8243;][vc_custom_heading text=&#8221;NOTRE USINE&#8221; use_theme_fonts=&#8221;yes&#8221;][vc_column_text]<strong>DEPARTEMENT FOURS<\/strong><\/p>\n<p>La <strong><em>cuisson<\/em><\/strong> des carreaux est r\u00e9alis\u00e9e dans des fours continus sur rouleaux qui atteignent des temperatures \u00e9lev\u00e9es (de 900\u00b0C \u00e0 plus de 1250\u00b0C). Le long du parcours \u00e0 l&#8217;int\u00e9rieur du four, les carreaux sont d&#8217;abord chauff\u00e9s jusqu&#8217;\u00e0 la temp\u00e9rature maximale de cuisson et, apr\u00e8s un certain temps de permanence \u00e0 cette temp\u00e9rature, progressivement refroidies. Lors de la cuisson, le produit subit des r\u00e9actions physiques et chimiques et des transformations n\u00e9cessaires \u00e0 l\u2019obtention d\u2019une structure r\u00e9sistance du point de vu m\u00e9canique.[\/vc_column_text][\/vc_column][vc_column width=&#8221;1\/3&#8243;][vc_gallery type=&#8221;flexslider_slide&#8221; interval=&#8221;3&#8243; images=&#8221;3196,3200&#8243; img_size=&#8221;full&#8221; onclick=&#8221;&#8221;][\/vc_column][vc_column width=&#8221;1\/6&#8243;][\/vc_column][\/vc_row][vc_row][vc_column][vc_empty_space][\/vc_column][\/vc_row][vc_row full_width=&#8221;stretch_row_content&#8221;][vc_column width=&#8221;1\/6&#8243;][\/vc_column][vc_column width=&#8221;1\/3&#8243;][vc_gallery type=&#8221;flexslider_slide&#8221; interval=&#8221;3&#8243; images=&#8221;3184,3188,3192&#8243; img_size=&#8221;full&#8221; onclick=&#8221;&#8221;][\/vc_column][vc_column width=&#8221;1\/3&#8243;][vc_column_text]<strong>D\u00c9PARTEMENT DE M\u00c9LANGE, STOCKAGE DES MATI\u00c8RES PREMI\u00c8RES ATOMIS\u00c9ES<\/strong><\/p>\n<p>Le produit atomis\u00e9 \u00e0 travers les tapis transporteurs et les couteaux d\u00e9viateurs est transbord\u00e9 dans les silos de stockage. Il resort de la partie inf\u00e9rieure des silos par une gueule de loup, un dispositif capteur qui r\u00e9gle le produit atomis\u00e9 \u00e0 travers des tapis transporteurs, il passe \u00e0 travers des tamis vibrants et des s\u00e9parateurs puis tombe dans le tapis transporteur.<\/p>\n<p>De l\u00e0, il sera directement achemin\u00e9 vers les presses en s\u00e9lectionnant les diff\u00e9rents couteaux d\u00e9viateurs ou il sera stock\u00e9 dans des silos en attente d&#8217;utilisation.[\/vc_column_text][\/vc_column][vc_column width=&#8221;1\/6&#8243;][\/vc_column][\/vc_row][vc_row][vc_column][vc_empty_space][\/vc_column][\/vc_row][vc_row full_width=&#8221;stretch_row_content&#8221; css=&#8221;.vc_custom_1625233504470{padding-bottom: 30px !important;background-color: #69867f !important;}&#8221;][vc_column width=&#8221;1\/6&#8243;][\/vc_column][vc_column width=&#8221;2\/6&#8243;][vc_column_text]<span style=\"color: #ffffff;\"><strong>LABORATOIRE TECHNOLOGIQUE \/ LABO. R&amp;D<br \/>\nLa recherche et le d\u00e9veloppement sont la cl\u00e9 de la continuit\u00e9 de notre succ\u00e8s et la marque de l&#8217;ing\u00e9niosit\u00e9 toute italienne qui inspire notre philosophie industrielle.<\/strong><\/span><\/p>\n<p><span style=\"color: #ffffff;\">Nos produits c\u00e9ramiques sont d\u00e9velopp\u00e9s gr\u00e2ce \u00e0 une \u00e9tude, une recherche et un approfondissement minutieux et rigoureux du processus de production : cette voie nous a permis de mettre fi\u00e8rement sur le march\u00e9 un produit \u00e0 haute performance technique, sain pour la sant\u00e9, ayant un cycle de vie tr\u00e8s long, recyclable et obtenu grace \u00e0 l\u2019utilisation pour sa fabrication de mati\u00e8res premi\u00e8res s\u00e9lectionn\u00e9es et non \u00e9puisable.<\/span><\/p>\n<p>[\/vc_column_text][\/vc_column][vc_column width=&#8221;2\/6&#8243;][vc_gallery type=&#8221;flexslider_slide&#8221; interval=&#8221;3&#8243; images=&#8221;3422,3426&#8243; img_size=&#8221;full&#8221; onclick=&#8221;&#8221;][\/vc_column][vc_column width=&#8221;1\/6&#8243;][\/vc_column][\/vc_row][vc_row][vc_column][vc_empty_space][\/vc_column][\/vc_row][vc_row full_width=&#8221;stretch_row_content&#8221; css=&#8221;.vc_custom_1625649161430{padding-bottom: 30px !important;}&#8221;][vc_column width=&#8221;1\/6&#8243;][\/vc_column][vc_column width=&#8221;2\/6&#8243;][vc_gallery type=&#8221;flexslider_slide&#8221; interval=&#8221;3&#8243; images=&#8221;3374,3378&#8243; img_size=&#8221;full&#8221; onclick=&#8221;&#8221;][\/vc_column][vc_column width=&#8221;2\/6&#8243;][vc_column_text]<strong>PRESSAGE DE LA CERAMIQUE<br \/>\nLe carreau assume sa forme et sa dimension<br \/>\n<\/strong><\/p>\n<p>Pendant cette phase, les poudres sont achemin\u00e9es aux presses hydrauliques qui les pressent \u00e0 500 kg\/cm2<\/p>\n<p>Pendant le dosage et le chargement des poudres dans les logements de la presse, l\u2019on peut d\u00e9terminer l\u2019ampleur de la gamme couleurs ainsi que l\u2019introduction de graines et\/ou \u00e9cailles dans le produit.<\/p>\n<p>Le pressage proprement dit d\u00e9termine les formats faisant l\u2019objet de notre production de carrelage en gr\u00e8s c\u00e9rame \u00e9maill\u00e9.[\/vc_column_text][\/vc_column][vc_column width=&#8221;1\/6&#8243;][\/vc_column][\/vc_row][vc_row][vc_column width=&#8221;1\/2&#8243;][vc_empty_space][vc_column_text]<\/p>\n<div style=\"width: 940px;\" class=\"wp-video\"><video class=\"wp-video-shortcode\" id=\"video-4770-1\" width=\"940\" height=\"529\" preload=\"metadata\" controls=\"controls\"><source type=\"video\/mp4\" src=\"https:\/\/www.ceramicaopera.it\/wp-content\/uploads\/2021\/07\/video-pressa.mp4?_=1\" \/><a href=\"https:\/\/www.ceramicaopera.it\/wp-content\/uploads\/2021\/07\/video-pressa.mp4\">https:\/\/www.ceramicaopera.it\/wp-content\/uploads\/2021\/07\/video-pressa.mp4<\/a><\/video><\/div>\n<p>[\/vc_column_text][vc_empty_space][\/vc_column][vc_column width=&#8221;1\/2&#8243;][vc_empty_space][vc_column_text]<\/p>\n<div style=\"width: 940px;\" class=\"wp-video\"><video class=\"wp-video-shortcode\" id=\"video-4770-2\" width=\"940\" height=\"529\" preload=\"metadata\" controls=\"controls\"><source type=\"video\/mp4\" src=\"https:\/\/www.ceramicaopera.it\/wp-content\/uploads\/2021\/07\/video-presse.mp4?_=2\" \/><a href=\"https:\/\/www.ceramicaopera.it\/wp-content\/uploads\/2021\/07\/video-presse.mp4\">https:\/\/www.ceramicaopera.it\/wp-content\/uploads\/2021\/07\/video-presse.mp4<\/a><\/video><\/div>\n<p>[\/vc_column_text][vc_empty_space][\/vc_column][\/vc_row][vc_row][vc_column][vc_empty_space][\/vc_column][\/vc_row]<\/p>\n","protected":false},"excerpt":{"rendered":"<p>[vc_row full_width=&#8221;stretch_row_content_no_spaces&#8221;][vc_column][vc_single_image image=&#8221;3286&#8243; img_size=&#8221;full&#8221; alignment=&#8221;center&#8221;][\/vc_column][\/vc_row][vc_row][vc_column width=&#8221;1\/6&#8243;][\/vc_column][vc_column width=&#8221;2\/3&#8243;][vc_empty_space][vc_column_text] GROUPE OPERA [\/vc_column_text][vc_empty_space][vc_column_text]Opera Group a \u00e9t\u00e9 fond\u00e9 en 2003 et est actuellement l\u2019un des principaux op\u00e9rateurs du secteur italien de la c\u00e9ramique, actif dans la production et la vente de mat\u00e9riaux c\u00e9ramiques pour sols et murs. Au fil des ann\u00e9es, Opera Group a su diversifier les pays vers [&hellip;]<\/p>\n","protected":false},"author":1,"featured_media":0,"parent":0,"menu_order":0,"comment_status":"closed","ping_status":"closed","template":"","meta":{"footnotes":""},"class_list":["post-4770","page","type-page","status-publish","hentry"],"_links":{"self":[{"href":"https:\/\/www.ceramicaopera.it\/fr\/wp-json\/wp\/v2\/pages\/4770","targetHints":{"allow":["GET"]}}],"collection":[{"href":"https:\/\/www.ceramicaopera.it\/fr\/wp-json\/wp\/v2\/pages"}],"about":[{"href":"https:\/\/www.ceramicaopera.it\/fr\/wp-json\/wp\/v2\/types\/page"}],"author":[{"embeddable":true,"href":"https:\/\/www.ceramicaopera.it\/fr\/wp-json\/wp\/v2\/users\/1"}],"replies":[{"embeddable":true,"href":"https:\/\/www.ceramicaopera.it\/fr\/wp-json\/wp\/v2\/comments?post=4770"}],"version-history":[{"count":18,"href":"https:\/\/www.ceramicaopera.it\/fr\/wp-json\/wp\/v2\/pages\/4770\/revisions"}],"predecessor-version":[{"id":10424,"href":"https:\/\/www.ceramicaopera.it\/fr\/wp-json\/wp\/v2\/pages\/4770\/revisions\/10424"}],"wp:attachment":[{"href":"https:\/\/www.ceramicaopera.it\/fr\/wp-json\/wp\/v2\/media?parent=4770"}],"curies":[{"name":"wp","href":"https:\/\/api.w.org\/{rel}","templated":true}]}}